{"id":415,"date":"2025-12-04T09:14:57","date_gmt":"2025-12-04T09:14:57","guid":{"rendered":"https:\/\/everlast-art.de\/?post_type=product&#038;p=415"},"modified":"2025-12-04T09:24:51","modified_gmt":"2025-12-04T09:24:51","slug":"stoffbeutel-glow-bite-repeat","status":"publish","type":"product","link":"https:\/\/everlast-art.de\/?product=stoffbeutel-glow-bite-repeat","title":{"rendered":"Stoffbeutel &#8222;Glow.Bite.Repeat.&#8220;"},"content":{"rendered":"<p>&#8222;Glow. Bite. Repeat.&#8220; Eine Anleihe an den Film <em>Edge of Tomorrow<\/em>. Ein Motiv mit Augenzwinkern. Nicht nur f\u00fcr Freunde der maritimen Fauna geeignet, sondern auch f\u00fcr das allt\u00e4gliche B\u00fcroleben gedacht. Der gute alte Jutebeutel. Fr\u00fcher ein Symbol des oft missverstandenen Umweltsch\u00fctzers, heute ein Statement des verantwortungsvollen und selbstbewussten B\u00fcrgers! Damit sie besonders lange halten, haben wir eine besonders schwere Qualit\u00e4t gew\u00e4hlt und damit sie besonders gerne genutzt werden, haben wir coole und witzige Motive ausgesucht.<\/p>\r\n\r\n<p><strong>Ma\u00dfe:<\/strong> 39 cm hoch x 37 cm breit<\/p>\r\n\r\n\r\n\r\n<ul class=\"wp-block-list\">\r\n<li>folierte Applikation<\/li>\r\n\r\n\r\n\r\n<li>100% Baumwolle, schwere Qualit\u00e4t<\/li>\r\n\r\n\r\n\r\n<li>magnetischer Taschenverschluss<\/li>\r\n\r\n\r\n\r\n<li>mittellange Tragegriffe<\/li>\r\n<\/ul>\r\n","protected":false},"excerpt":{"rendered":"<p>Jute statt Plastik! Langlebig, nachhaltig und vor allem Everlastig-cool! Echte Statement-Beutel von Everlast!<\/p>\n","protected":false},"featured_media":360,"comment_status":"closed","ping_status":"closed","template":"","meta":[],"product_brand":[],"product_cat":[46],"product_tag":[164,165,149,162,163,156],"class_list":{"0":"post-415","1":"product","2":"type-product","3":"status-publish","4":"has-post-thumbnail","6":"product_cat-kleinmoebel-sonstiges","7":"product_tag-jutebeutel","8":"product_tag-nachhaltig","9":"product_tag-sea-beasts","10":"product_tag-seabeasts","11":"product_tag-stoffbeutel","12":"product_tag-tiefsee","13":"product_shipping_class-standard","15":"entry","16":"has-media","18":"first","19":"instock","20":"taxable","21":"shipping-taxable","22":"purchasable","23":"product-type-simple","24":"has-product-nav","25":"col","26":"span_1_of_3","27":"owp-content-center","28":"owp-thumbs-layout-horizontal","29":"owp-btn-very-big","30":"owp-tabs-layout-horizontal"},"_links":{"self":[{"href":"https:\/\/everlast-art.de\/index.php?rest_route=\/wp\/v2\/product\/415","targetHints":{"allow":["GET"]}}],"collection":[{"href":"https:\/\/everlast-art.de\/index.php?rest_route=\/wp\/v2\/product"}],"about":[{"href":"https:\/\/everlast-art.de\/index.php?rest_route=\/wp\/v2\/types\/product"}],"replies":[{"embeddable":true,"href":"https:\/\/everlast-art.de\/index.php?rest_route=%2Fwp%2Fv2%2Fcomments&post=415"}],"wp:featuredmedia":[{"embeddable":true,"href":"https:\/\/everlast-art.de\/index.php?rest_route=\/wp\/v2\/media\/360"}],"wp:attachment":[{"href":"https:\/\/everlast-art.de\/index.php?rest_route=%2Fwp%2Fv2%2Fmedia&parent=415"}],"wp:term":[{"taxonomy":"product_brand","embeddable":true,"href":"https:\/\/everlast-art.de\/index.php?rest_route=%2Fwp%2Fv2%2Fproduct_brand&post=415"},{"taxonomy":"product_cat","embeddable":true,"href":"https:\/\/everlast-art.de\/index.php?rest_route=%2Fwp%2Fv2%2Fproduct_cat&post=415"},{"taxonomy":"product_tag","embeddable":true,"href":"https:\/\/everlast-art.de\/index.php?rest_route=%2Fwp%2Fv2%2Fproduct_tag&post=415"}],"curies":[{"name":"wp","href":"https:\/\/api.w.org\/{rel}","templated":true}]}}