{"id":412,"date":"2025-12-04T09:10:23","date_gmt":"2025-12-04T09:10:23","guid":{"rendered":"https:\/\/everlast-art.de\/?post_type=product&#038;p=412"},"modified":"2025-12-04T09:22:54","modified_gmt":"2025-12-04T09:22:54","slug":"stoffbeutel-safe-trip","status":"publish","type":"product","link":"https:\/\/everlast-art.de\/?product=stoffbeutel-safe-trip","title":{"rendered":"Stoffbeutel &#8222;Safe Trip&#8220;"},"content":{"rendered":"F\u00fcr echte Wikinger und Freunde lovecraftscher Symbolik. Gesch\u00fctzt durch ein \u00c4lteres Zeichen \u00fcberquert das kleine Langschiff die gefahrvolle See. Dieses Motiv ist Sinnbild f\u00fcr die Unbilden, die unser Leben mit sich bringt. Safe Trip Viking Ship!\r\n\r\nDer gute alte Jutebeutel. Fr\u00fcher ein Symbol des oft missverstandenen Umweltsch\u00fctzers, heute ein Statement des verantwortungsvollen und selbstbewussten B\u00fcrgers!\r\n\r\nDamit sie besonders lange halten, haben wir eine besonders schwere Qualit\u00e4t gew\u00e4hlt und damit sie besonders gerne genutzt werden, haben wir coole und witzige Motive ausgesucht.\r\n\r\n\r\n\r\n<strong>Ma\u00dfe:<\/strong> 39 cm hoch x 37 cm breit\r\n\r\n \r\n<ul class=\"wp-block-list\">\r\n \t<li>folierte Applikation<\/li>\r\n \r\n \t<li>100% Baumwolle, schwere Qualit\u00e4t<\/li>\r\n \r\n \t<li>magnetischer Taschenverschluss<\/li>\r\n \r\n \t<li>mittellange Tragegriffe<\/li>\r\n<\/ul>\r\n","protected":false},"excerpt":{"rendered":"<p>Jute statt Plastik!<\/p>\n<p>Langlebig, nachhaltig und vor allem Everlastig-cool!<\/p>\n<p>Echte Statement-Beutel von Everlast!<\/p>\n","protected":false},"featured_media":357,"comment_status":"closed","ping_status":"closed","template":"","meta":[],"product_brand":[],"product_cat":[46],"product_tag":[55,54,164,49,165,149,162,163,100,38,39],"class_list":{"0":"post-412","1":"product","2":"type-product","3":"status-publish","4":"has-post-thumbnail","6":"product_cat-kleinmoebel-sonstiges","7":"product_tag-cthulhu","8":"product_tag-h-p-lovecraft","9":"product_tag-jutebeutel","10":"product_tag-lovecraft","11":"product_tag-nachhaltig","12":"product_tag-sea-beasts","13":"product_tag-seabeasts","14":"product_tag-stoffbeutel","15":"product_tag-viking","16":"product_tag-vikings","17":"product_tag-wikinger","18":"product_shipping_class-standard","20":"entry","21":"has-media","23":"first","24":"instock","25":"taxable","26":"shipping-taxable","27":"purchasable","28":"product-type-simple","29":"has-product-nav","30":"col","31":"span_1_of_3","32":"owp-content-center","33":"owp-thumbs-layout-horizontal","34":"owp-btn-very-big","35":"owp-tabs-layout-horizontal"},"_links":{"self":[{"href":"https:\/\/everlast-art.de\/index.php?rest_route=\/wp\/v2\/product\/412","targetHints":{"allow":["GET"]}}],"collection":[{"href":"https:\/\/everlast-art.de\/index.php?rest_route=\/wp\/v2\/product"}],"about":[{"href":"https:\/\/everlast-art.de\/index.php?rest_route=\/wp\/v2\/types\/product"}],"replies":[{"embeddable":true,"href":"https:\/\/everlast-art.de\/index.php?rest_route=%2Fwp%2Fv2%2Fcomments&post=412"}],"wp:featuredmedia":[{"embeddable":true,"href":"https:\/\/everlast-art.de\/index.php?rest_route=\/wp\/v2\/media\/357"}],"wp:attachment":[{"href":"https:\/\/everlast-art.de\/index.php?rest_route=%2Fwp%2Fv2%2Fmedia&parent=412"}],"wp:term":[{"taxonomy":"product_brand","embeddable":true,"href":"https:\/\/everlast-art.de\/index.php?rest_route=%2Fwp%2Fv2%2Fproduct_brand&post=412"},{"taxonomy":"product_cat","embeddable":true,"href":"https:\/\/everlast-art.de\/index.php?rest_route=%2Fwp%2Fv2%2Fproduct_cat&post=412"},{"taxonomy":"product_tag","embeddable":true,"href":"https:\/\/everlast-art.de\/index.php?rest_route=%2Fwp%2Fv2%2Fproduct_tag&post=412"}],"curies":[{"name":"wp","href":"https:\/\/api.w.org\/{rel}","templated":true}]}}