{"id":381,"date":"2025-11-18T09:52:24","date_gmt":"2025-11-18T09:52:24","guid":{"rendered":"https:\/\/everlast-art.de\/?post_type=product&#038;p=381"},"modified":"2025-12-03T10:11:05","modified_gmt":"2025-12-03T10:11:05","slug":"travertin-untersetzer-seabeast-set-4-stueck","status":"publish","type":"product","link":"https:\/\/everlast-art.de\/?product=travertin-untersetzer-seabeast-set-4-stueck","title":{"rendered":"Travertin-Untersetzer \u201eSeaBeast &#8211; Set\u201c (4 St\u00fcck)"},"content":{"rendered":"<p>Die Untiefen des Meeres sind noch l\u00e4ngst nicht alle erforscht. Welche Schrecken lauern? Was gibt es Neues zu entdecken?<\/p>\n<p>Urspr\u00fcngliches Material, urspr\u00fcngliche Formensprache. Die Travertin-Untersetzer von EVERLAST erwecken den Eindruck, aus l\u00e4ngst vergessener Zeit zu stammen. Der raue Tischschmuck sorgt f\u00fcr Behaglichkeit und eine z\u00fcnftige Atmosph\u00e4re. Das Set bestehend aus Wal, Rochen, Oktopus und Krabbe ist definitiv ein Hingucker auf jedem Tisch.<\/p>\n<p><strong>Ma\u00dfe:<\/strong> 4x ca. 10 cm x 10 cm x 1 cm<\/p>\n<ul class=\"wp-block-list\">\n<li>bedruckte Travertin-Flie\u00dfen (Muschelkalk)<\/li>\n<li>schutzlackiert<\/li>\n<li>Bodenfilze zum Schutz der Stellfl\u00e4chen<\/li>\n<li>jedes St\u00fcck ein Unikat<\/li>\n<\/ul>\n","protected":false},"excerpt":{"rendered":"<p>Warum nur einen kaufen, wenn man alle Vier haben kann?<\/p>\n<p>Nat\u00fcrliche Sch\u00f6nheiten! Untersetzer aus echtem Travertin (Muschelkalk).<\/p>\n<p>4er-Set bestehend aus: 1x Wal, 1x Rochen, 1x Krabbe und 1x Oktopus.<\/p>\n<p>Jedes St\u00fcck ein Unikat!<\/p>\n","protected":false},"featured_media":368,"comment_status":"closed","ping_status":"closed","template":"","meta":[],"product_brand":[],"product_cat":[44],"product_tag":[157,40,119,161,150,154,146,36,158,148,155,41,153,152,37,159,160,149,147,156,151],"class_list":{"0":"post-381","1":"product","2":"type-product","3":"status-publish","4":"has-post-thumbnail","6":"product_cat-untersetzer-tabletts","7":"product_tag-anglerfisch","8":"product_tag-fantasy","9":"product_tag-fliese","10":"product_tag-hai","11":"product_tag-krabbe","12":"product_tag-kraken","13":"product_tag-krustentiere","14":"product_tag-larp","15":"product_tag-legendaer","16":"product_tag-monster","17":"product_tag-oktopus","18":"product_tag-pen-and-paper","19":"product_tag-qualle","20":"product_tag-rochen","21":"product_tag-rollenspiel","22":"product_tag-saegefisch","23":"product_tag-saegerochen","24":"product_tag-sea-beasts","25":"product_tag-seeungeheuer","26":"product_tag-tiefsee","27":"product_tag-wal","28":"product_shipping_class-standard","30":"entry","31":"has-media","33":"first","34":"instock","35":"sold-individually","36":"taxable","37":"shipping-taxable","38":"purchasable","39":"product-type-simple","40":"has-product-nav","41":"col","42":"span_1_of_3","43":"owp-content-center","44":"owp-thumbs-layout-horizontal","45":"owp-btn-very-big","46":"owp-tabs-layout-horizontal"},"_links":{"self":[{"href":"https:\/\/everlast-art.de\/index.php?rest_route=\/wp\/v2\/product\/381","targetHints":{"allow":["GET"]}}],"collection":[{"href":"https:\/\/everlast-art.de\/index.php?rest_route=\/wp\/v2\/product"}],"about":[{"href":"https:\/\/everlast-art.de\/index.php?rest_route=\/wp\/v2\/types\/product"}],"replies":[{"embeddable":true,"href":"https:\/\/everlast-art.de\/index.php?rest_route=%2Fwp%2Fv2%2Fcomments&post=381"}],"wp:featuredmedia":[{"embeddable":true,"href":"https:\/\/everlast-art.de\/index.php?rest_route=\/wp\/v2\/media\/368"}],"wp:attachment":[{"href":"https:\/\/everlast-art.de\/index.php?rest_route=%2Fwp%2Fv2%2Fmedia&parent=381"}],"wp:term":[{"taxonomy":"product_brand","embeddable":true,"href":"https:\/\/everlast-art.de\/index.php?rest_route=%2Fwp%2Fv2%2Fproduct_brand&post=381"},{"taxonomy":"product_cat","embeddable":true,"href":"https:\/\/everlast-art.de\/index.php?rest_route=%2Fwp%2Fv2%2Fproduct_cat&post=381"},{"taxonomy":"product_tag","embeddable":true,"href":"https:\/\/everlast-art.de\/index.php?rest_route=%2Fwp%2Fv2%2Fproduct_tag&post=381"}],"curies":[{"name":"wp","href":"https:\/\/api.w.org\/{rel}","templated":true}]}}