{"id":331,"date":"2025-10-15T13:47:25","date_gmt":"2025-10-15T13:47:25","guid":{"rendered":"https:\/\/everlast-art.de\/?post_type=product&#038;p=331"},"modified":"2025-11-18T09:12:59","modified_gmt":"2025-11-18T09:12:59","slug":"wandschmuck-rebels-nest","status":"publish","type":"product","link":"https:\/\/everlast-art.de\/?product=wandschmuck-rebels-nest","title":{"rendered":"Wandschmuck \u201eRebels Nest\u201c"},"content":{"rendered":"<p>Du suchst nach einem besonderen Schmuck \u00fcber Deiner T\u00fcr oder f\u00fcr deine Wand? Es gibt nicht nur eine Spelunke in der Galaxis, in der sich Rebellen zu verschw\u00f6rerischen Treffen einfinden k\u00f6nnen &#8230;! Rebels Nest ist eine davon. Niemand wei\u00df genau, wo Rebels Nest zu finden ist und diejenigen, die es wissen, gehen sehr vorsichtig mit ihrem Wissen um. Vielleicht befindet sich Rebels Nest ja direkt in Deinem Wohnzimmer oder Partykeller. Wer wei\u00df?<\/p>\n<p>Dieses Produkt ist Teil der Erbst\u00fcck-Kollektion!<\/p>\n<p>Die Artefakte der Erbst\u00fcck-Kollektion von Everlast sind allesamt handgefertigte Unikate und bestehen zum Gro\u00dfteil aus aufgearbeitetem Altholz, einzigartigen Fundst\u00fccken und antiken Werkstoffen. Jedes Teil wurde mit dem Gedanken des Wabisabi auf der Suche nach Perfektion im Imperfekten gefertigt.<\/p>\n<p>Jedes St\u00fcck erz\u00e4hlt seine eigene Geschichte und soll Besitzenden und Betrachtenden gleicherma\u00dfen Freude bereiten. Erbst\u00fccke sind nur als Einzelst\u00fccke oder in streng limitierten Kleinstauflagen erh\u00e4ltlich.<\/p>\n<p><strong>Ma\u00dfe:<\/strong> 26 cm hoch x 24 cm breit x 5 cm tief<\/p>\n<ul class=\"wp-block-list\">\n<li>Trooperhelm aus keramischer Gie\u00dfmasse<\/li>\n<li>handbemalt und lackiert (Abweichungen m\u00f6glich)<\/li>\n<li>antikes aufgearbeitetes Fichtenholz<\/li>\n<li>Schutzlasur<\/li>\n<li>zur Verwendung im Innenbereich<\/li>\n<\/ul>\n","protected":false},"excerpt":{"rendered":"<p>Stilisher handgefertigter Wandschmuck aus Massivholz mit galaktischem Motiv.<\/p>\n<p>Erh\u00e4ltlich in unterschiedlichen Ausf\u00fchrungen.<\/p>\n<p>Dieses Artefakt ist Teil der EVERLAST Erbst\u00fcck-Kollektion<\/p>\n<p>Jedes St\u00fcck ein Unikat!<\/p>\n","protected":false},"featured_media":334,"comment_status":"closed","ping_status":"closed","template":"","meta":[],"product_brand":[],"product_cat":[21],"product_tag":[138,40,140,135,36,41,134,37,139,141,136,137,133,27,26,22,142],"class_list":{"0":"post-331","1":"product","2":"type-product","3":"status-publish","4":"has-post-thumbnail","6":"product_cat-wandschmuck","7":"product_tag-cantina","8":"product_tag-fantasy","9":"product_tag-galaxis","10":"product_tag-imperium","11":"product_tag-larp","12":"product_tag-pen-and-paper","13":"product_tag-rebellen","14":"product_tag-rollenspiel","15":"product_tag-sciencefiction","16":"product_tag-star","17":"product_tag-stormtrooper","18":"product_tag-tavern","19":"product_tag-trooper","20":"product_tag-wall-art","21":"product_tag-wandkunst","22":"product_tag-wandschmuck","23":"product_tag-wars","25":"entry","26":"has-media","28":"first","29":"instock","30":"sold-individually","31":"taxable","32":"shipping-taxable","33":"purchasable","34":"product-type-simple","35":"has-product-nav","36":"col","37":"span_1_of_3","38":"owp-content-center","39":"owp-thumbs-layout-horizontal","40":"owp-btn-very-big","41":"owp-tabs-layout-horizontal"},"_links":{"self":[{"href":"https:\/\/everlast-art.de\/index.php?rest_route=\/wp\/v2\/product\/331","targetHints":{"allow":["GET"]}}],"collection":[{"href":"https:\/\/everlast-art.de\/index.php?rest_route=\/wp\/v2\/product"}],"about":[{"href":"https:\/\/everlast-art.de\/index.php?rest_route=\/wp\/v2\/types\/product"}],"replies":[{"embeddable":true,"href":"https:\/\/everlast-art.de\/index.php?rest_route=%2Fwp%2Fv2%2Fcomments&post=331"}],"wp:featuredmedia":[{"embeddable":true,"href":"https:\/\/everlast-art.de\/index.php?rest_route=\/wp\/v2\/media\/334"}],"wp:attachment":[{"href":"https:\/\/everlast-art.de\/index.php?rest_route=%2Fwp%2Fv2%2Fmedia&parent=331"}],"wp:term":[{"taxonomy":"product_brand","embeddable":true,"href":"https:\/\/everlast-art.de\/index.php?rest_route=%2Fwp%2Fv2%2Fproduct_brand&post=331"},{"taxonomy":"product_cat","embeddable":true,"href":"https:\/\/everlast-art.de\/index.php?rest_route=%2Fwp%2Fv2%2Fproduct_cat&post=331"},{"taxonomy":"product_tag","embeddable":true,"href":"https:\/\/everlast-art.de\/index.php?rest_route=%2Fwp%2Fv2%2Fproduct_tag&post=331"}],"curies":[{"name":"wp","href":"https:\/\/api.w.org\/{rel}","templated":true}]}}