{"id":312,"date":"2025-09-17T08:32:17","date_gmt":"2025-09-17T08:32:17","guid":{"rendered":"https:\/\/everlast-art.de\/?post_type=product&#038;p=312"},"modified":"2025-12-03T10:13:03","modified_gmt":"2025-12-03T10:13:03","slug":"travertin-untersetzer-menschengeschlecht","status":"publish","type":"product","link":"https:\/\/everlast-art.de\/?product=travertin-untersetzer-menschengeschlecht","title":{"rendered":"Travertin-Untersetzer \u201eMenschengeschlecht\u201c"},"content":{"rendered":"<p>Urspr\u00fcngliches Material, urspr\u00fcngliche Formensprache. Die Travertin-Untersetzer von EVERLAST erwecken den Eindruck aus l\u00e4ngst vergessener Zeit zu stammen. Der raue Tischschmuck sorgt f\u00fcr Behaglichkeit und eine z\u00fcnftige Atmosph\u00e4re. Zwerge, Eldar, Menschen, die dunkle Seite der Macht: Welche phantastische Fraktion ist Dein Favorit? Die ideale Erg\u00e4nzung zu unserem Wandschmuck.<\/p>\n<p><strong>Ma\u00dfe:<\/strong> ca. 10 cm x 10 cm x 1 cm<\/p>\n<ul class=\"wp-block-list\">\n<li>einfarbig bedruckte Travertin-Flie\u00dfen (Muschelkalk)<\/li>\n<li>schutzlackiert<\/li>\n<li>Bodenfilze zum Schutz der Stellfl\u00e4chen<\/li>\n<li>jedes St\u00fcck ein Unikat<\/li>\n<\/ul>\n","protected":false},"excerpt":{"rendered":"<p>Nat\u00fcrliche Sch\u00f6nheiten! Untersetzer aus echtem Travertin (Muschelkalk).<\/p>\n<p>Erh\u00e4ltlich in unterschiedlichen Ausf\u00fchrungen: Zwerge, Eldar, Menschen, Chaos und Finsternis.<\/p>\n<p>Jedes St\u00fcck ein Unikat!<\/p>\n","protected":false},"featured_media":309,"comment_status":"closed","ping_status":"closed","template":"","meta":[],"product_brand":[],"product_cat":[44],"product_tag":[131,113,114,40,122,119,116,35,36,117,132,23,41,37,34,32,38,39,115],"class_list":{"0":"post-312","1":"product","2":"type-product","3":"status-publish","4":"has-post-thumbnail","6":"product_cat-untersetzer-tabletts","7":"product_tag-chaos","8":"product_tag-elben","9":"product_tag-elfen","10":"product_tag-fantasy","11":"product_tag-fichte","12":"product_tag-fliese","13":"product_tag-freie-voelker","14":"product_tag-futhark","15":"product_tag-larp","16":"product_tag-menschen","17":"product_tag-ordnung","18":"product_tag-pagan","19":"product_tag-pen-and-paper","20":"product_tag-rollenspiel","21":"product_tag-runen","22":"product_tag-schicksal","23":"product_tag-vikings","24":"product_tag-wikinger","25":"product_tag-zwerge","27":"entry","28":"has-media","30":"first","31":"instock","32":"sold-individually","33":"taxable","34":"shipping-taxable","35":"purchasable","36":"product-type-simple","37":"has-product-nav","38":"col","39":"span_1_of_3","40":"owp-content-center","41":"owp-thumbs-layout-horizontal","42":"owp-btn-very-big","43":"owp-tabs-layout-horizontal"},"_links":{"self":[{"href":"https:\/\/everlast-art.de\/index.php?rest_route=\/wp\/v2\/product\/312","targetHints":{"allow":["GET"]}}],"collection":[{"href":"https:\/\/everlast-art.de\/index.php?rest_route=\/wp\/v2\/product"}],"about":[{"href":"https:\/\/everlast-art.de\/index.php?rest_route=\/wp\/v2\/types\/product"}],"replies":[{"embeddable":true,"href":"https:\/\/everlast-art.de\/index.php?rest_route=%2Fwp%2Fv2%2Fcomments&post=312"}],"wp:featuredmedia":[{"embeddable":true,"href":"https:\/\/everlast-art.de\/index.php?rest_route=\/wp\/v2\/media\/309"}],"wp:attachment":[{"href":"https:\/\/everlast-art.de\/index.php?rest_route=%2Fwp%2Fv2%2Fmedia&parent=312"}],"wp:term":[{"taxonomy":"product_brand","embeddable":true,"href":"https:\/\/everlast-art.de\/index.php?rest_route=%2Fwp%2Fv2%2Fproduct_brand&post=312"},{"taxonomy":"product_cat","embeddable":true,"href":"https:\/\/everlast-art.de\/index.php?rest_route=%2Fwp%2Fv2%2Fproduct_cat&post=312"},{"taxonomy":"product_tag","embeddable":true,"href":"https:\/\/everlast-art.de\/index.php?rest_route=%2Fwp%2Fv2%2Fproduct_tag&post=312"}],"curies":[{"name":"wp","href":"https:\/\/api.w.org\/{rel}","templated":true}]}}