{"id":302,"date":"2025-09-16T10:27:43","date_gmt":"2025-09-16T10:27:43","guid":{"rendered":"https:\/\/everlast-art.de\/?post_type=product&#038;p=302"},"modified":"2025-11-18T09:14:01","modified_gmt":"2025-11-18T09:14:01","slug":"haengeregal-steampunk","status":"publish","type":"product","link":"https:\/\/everlast-art.de\/?product=haengeregal-steampunk","title":{"rendered":"H\u00e4ngeregal &#8222;Steampunk&#8220;"},"content":{"rendered":"<p>Inspiriert von den ikonografischen Zahnr\u00e4dern als Symbol der Steampunk-Bewegung, ist dieses kleine Wandregal der ideale Ort f\u00fcr dekorative Artefakte oder Fotos, die Du aller Welt zeigen m\u00f6chtest.<\/p>\n<p>Dieses Produkt ist Teil der Erbst\u00fcck-Kollektion!<\/p>\n<p>Die Artefakte der Erbst\u00fcck-Kollektion von Everlast sind allesamt handgefertigte Unikate und bestehen zum Gro\u00dfteil aus aufgearbeitetem Altholz, einzigartigen Fundst\u00fccken und antiken Werkstoffen. Jedes Teil wurde mit dem Gedanken des Wabisabi auf der Suche nach Perfektion im Imperfekten gefertigt.<\/p>\n<p>Jedes St\u00fcck erz\u00e4hlt seine eigene Geschichte und soll Besitzenden und Betrachtenden gleicherma\u00dfen Freude bereiten. Erbst\u00fccke sind nur als Einzelst\u00fccke oder in streng limitierten Kleinstauflagen erh\u00e4ltlich.<\/p>\n<p><strong>Ma\u00dfe:<\/strong> ca. 40 cm x 32 cm x 10 cm<\/p>\n<ul class=\"wp-block-list\">\n<li>gefertigt aus antikem aufgearbeitetem Holz (Fichte\/Tanne)<\/li>\n<li>gebeizt und ge\u00f6lt<\/li>\n<li>2 verdeckte Aufh\u00e4ngungen<\/li>\n<li>zur Verwendung im Innen- und Au\u00dfenbereich<\/li>\n<\/ul>\n<p>&nbsp;<\/p>\n","protected":false},"excerpt":{"rendered":"<p>Stilishes handgefertigtes Steampunk-H\u00e4ngeregal aus Massivholz.<\/p>\n<p>Dieses Artefakt ist Teil der EVERLAST Erbst\u00fcck-Kollektion<\/p>\n<p>Jedes St\u00fcck ein Unikat!<\/p>\n","protected":false},"featured_media":303,"comment_status":"closed","ping_status":"closed","template":"","meta":[],"product_brand":[],"product_cat":[46],"product_tag":[129,121,40,122,127,36,41,125,37,124,128,27,26,126,22,130],"class_list":{"0":"post-302","1":"product","2":"type-product","3":"status-publish","4":"has-post-thumbnail","6":"product_cat-kleinmoebel-sonstiges","7":"product_tag-arcane","8":"product_tag-douglasie","9":"product_tag-fantasy","10":"product_tag-fichte","11":"product_tag-haengeregal","12":"product_tag-larp","13":"product_tag-pen-and-paper","14":"product_tag-regal","15":"product_tag-rollenspiel","16":"product_tag-steampunk","17":"product_tag-vitrine","18":"product_tag-wall-art","19":"product_tag-wandkunst","20":"product_tag-wandregal","21":"product_tag-wandschmuck","22":"product_tag-zahnrad","24":"entry","25":"has-media","27":"first","28":"instock","29":"sold-individually","30":"taxable","31":"shipping-taxable","32":"purchasable","33":"product-type-simple","34":"has-product-nav","35":"col","36":"span_1_of_3","37":"owp-content-center","38":"owp-thumbs-layout-horizontal","39":"owp-btn-very-big","40":"owp-tabs-layout-horizontal"},"_links":{"self":[{"href":"https:\/\/everlast-art.de\/index.php?rest_route=\/wp\/v2\/product\/302","targetHints":{"allow":["GET"]}}],"collection":[{"href":"https:\/\/everlast-art.de\/index.php?rest_route=\/wp\/v2\/product"}],"about":[{"href":"https:\/\/everlast-art.de\/index.php?rest_route=\/wp\/v2\/types\/product"}],"replies":[{"embeddable":true,"href":"https:\/\/everlast-art.de\/index.php?rest_route=%2Fwp%2Fv2%2Fcomments&post=302"}],"wp:featuredmedia":[{"embeddable":true,"href":"https:\/\/everlast-art.de\/index.php?rest_route=\/wp\/v2\/media\/303"}],"wp:attachment":[{"href":"https:\/\/everlast-art.de\/index.php?rest_route=%2Fwp%2Fv2%2Fmedia&parent=302"}],"wp:term":[{"taxonomy":"product_brand","embeddable":true,"href":"https:\/\/everlast-art.de\/index.php?rest_route=%2Fwp%2Fv2%2Fproduct_brand&post=302"},{"taxonomy":"product_cat","embeddable":true,"href":"https:\/\/everlast-art.de\/index.php?rest_route=%2Fwp%2Fv2%2Fproduct_cat&post=302"},{"taxonomy":"product_tag","embeddable":true,"href":"https:\/\/everlast-art.de\/index.php?rest_route=%2Fwp%2Fv2%2Fproduct_tag&post=302"}],"curies":[{"name":"wp","href":"https:\/\/api.w.org\/{rel}","templated":true}]}}