{"id":299,"date":"2025-09-16T10:14:58","date_gmt":"2025-09-16T10:14:58","guid":{"rendered":"https:\/\/everlast-art.de\/?post_type=product&#038;p=299"},"modified":"2025-11-18T09:14:10","modified_gmt":"2025-11-18T09:14:10","slug":"wandkachel-zwerg","status":"publish","type":"product","link":"https:\/\/everlast-art.de\/?product=wandkachel-zwerg","title":{"rendered":"Wandkachel \u201eZwerg\u201c"},"content":{"rendered":"<p>Der edle Wandschmuck aus nat\u00fcrlichen Materialien sorgt f\u00fcr Behaglichkeit und Wohlbefinden. Gefertigt aus hochwertigen Steingutfliesen und eingerahmt von aufgearbeitetem Holz, macht sich dieses Artefakt gut an jeder Wand, ob rustikal oder modern. Zwerge, Eldar, Menschen, die dunkle Seite der Macht: Welche phantastische Fraktion ist Dein Favorit?<\/p>\n<p>Dieses Produkt ist Teil der Erbst\u00fcck-Kollektion!<\/p>\n<p>Die Artefakte der Erbst\u00fcck-Kollektion von Everlast sind allesamt handgefertigte Unikate und bestehen zum Gro\u00dfteil aus aufgearbeitetem Altholz, einzigartigen Fundst\u00fccken und antiken Werkstoffen. Jedes Teil wurde mit dem Gedanken des Wabisabi auf der Suche nach Perfektion im Imperfekten gefertigt.<\/p>\n<p>Jedes St\u00fcck erz\u00e4hlt seine eigene Geschichte und soll Besitzenden und Betrachtenden gleicherma\u00dfen Freude bereiten. Erbst\u00fccke sind nur als Einzelst\u00fccke oder in streng limitierten Kleinstauflagen erh\u00e4ltlich.<\/p>\n<p><strong>Ma\u00dfe:<\/strong> ca. 24 cm x 24 cm x 2 cm<\/p>\n<ul class=\"wp-block-list\">\n<li>hochwertige Steingutfliesen in mattschwarz oder antikwei\u00df<\/li>\n<li>aufw\u00e4ndige metallic-Zweischichtfolierung (Abweichungen m\u00f6glich)<\/li>\n<li>handgefertigte Rahmen aus aufgearbeitetem Altholz (Eiche\/Buche\/Douglasie\/Fichte)<\/li>\n<li>jedes St\u00fcck ein Unikat<\/li>\n<li>zur Verwendung im Innenbereich<\/li>\n<\/ul>\n<p>&nbsp;<\/p>\n","protected":false},"excerpt":{"rendered":"<p>Stilisher handgefertigter Wandschmuck aus Steingut mit Massivholz-Rahmen.<\/p>\n<p>Erh\u00e4ltlich in unterschiedlichen Ausf\u00fchrungen: Zwerge, Eldar, Menschen und Finsternis.<\/p>\n<p>Dieses Artefakt ist Teil der EVERLAST Erbst\u00fcck-Kollektion<\/p>\n<p>Jedes St\u00fcck ein Unikat!<\/p>\n","protected":false},"featured_media":99,"comment_status":"closed","ping_status":"closed","template":"","meta":[],"product_brand":[],"product_cat":[21],"product_tag":[123,121,120,113,114,40,122,119,116,35,29,36,117,23,41,37,34,32,25,38,27,118,26,22,33,39,115],"class_list":{"0":"post-299","1":"product","2":"type-product","3":"status-publish","4":"has-post-thumbnail","6":"product_cat-wandschmuck","7":"product_tag-buche","8":"product_tag-douglasie","9":"product_tag-eiche","10":"product_tag-elben","11":"product_tag-elfen","12":"product_tag-fantasy","13":"product_tag-fichte","14":"product_tag-fliese","15":"product_tag-freie-voelker","16":"product_tag-futhark","17":"product_tag-kraehe","18":"product_tag-larp","19":"product_tag-menschen","20":"product_tag-pagan","21":"product_tag-pen-and-paper","22":"product_tag-rollenspiel","23":"product_tag-runen","24":"product_tag-schicksal","25":"product_tag-thor","26":"product_tag-vikings","27":"product_tag-wall-art","28":"product_tag-wandkachel","29":"product_tag-wandkunst","30":"product_tag-wandschmuck","31":"product_tag-weisheit","32":"product_tag-wikinger","33":"product_tag-zwerge","35":"entry","36":"has-media","38":"first","39":"instock","40":"sold-individually","41":"taxable","42":"shipping-taxable","43":"purchasable","44":"product-type-simple","45":"has-product-nav","46":"col","47":"span_1_of_3","48":"owp-content-center","49":"owp-thumbs-layout-horizontal","50":"owp-btn-very-big","51":"owp-tabs-layout-horizontal"},"_links":{"self":[{"href":"https:\/\/everlast-art.de\/index.php?rest_route=\/wp\/v2\/product\/299","targetHints":{"allow":["GET"]}}],"collection":[{"href":"https:\/\/everlast-art.de\/index.php?rest_route=\/wp\/v2\/product"}],"about":[{"href":"https:\/\/everlast-art.de\/index.php?rest_route=\/wp\/v2\/types\/product"}],"replies":[{"embeddable":true,"href":"https:\/\/everlast-art.de\/index.php?rest_route=%2Fwp%2Fv2%2Fcomments&post=299"}],"wp:featuredmedia":[{"embeddable":true,"href":"https:\/\/everlast-art.de\/index.php?rest_route=\/wp\/v2\/media\/99"}],"wp:attachment":[{"href":"https:\/\/everlast-art.de\/index.php?rest_route=%2Fwp%2Fv2%2Fmedia&parent=299"}],"wp:term":[{"taxonomy":"product_brand","embeddable":true,"href":"https:\/\/everlast-art.de\/index.php?rest_route=%2Fwp%2Fv2%2Fproduct_brand&post=299"},{"taxonomy":"product_cat","embeddable":true,"href":"https:\/\/everlast-art.de\/index.php?rest_route=%2Fwp%2Fv2%2Fproduct_cat&post=299"},{"taxonomy":"product_tag","embeddable":true,"href":"https:\/\/everlast-art.de\/index.php?rest_route=%2Fwp%2Fv2%2Fproduct_tag&post=299"}],"curies":[{"name":"wp","href":"https:\/\/api.w.org\/{rel}","templated":true}]}}