{"id":298,"date":"2025-09-16T10:06:33","date_gmt":"2025-09-16T10:06:33","guid":{"rendered":"https:\/\/everlast-art.de\/?post_type=product&#038;p=298"},"modified":"2025-11-18T09:14:50","modified_gmt":"2025-11-18T09:14:50","slug":"dark-side-wuerfelarena","status":"publish","type":"product","link":"https:\/\/everlast-art.de\/?product=dark-side-wuerfelarena","title":{"rendered":"&#8222;Dark Side&#8220;-W\u00fcrfelarena"},"content":{"rendered":"<p>Wer kennt es nicht \u2013 lautes Geklacker beim W\u00fcrfeln zum Spieleabend oder die Suche nach den vielseitigen Gl\u00fccksbringern unter dem Sofa nach einem verungl\u00fcckten Wurf. All das bleibt Dir mit der stylishen W\u00fcrfelarena erspart. Zus\u00e4tzlich ist die faltbare Schale gut zu transportieren und platzsparend zu verstauen. Mit den coolen Motiven von Grautesk kann die Arena aber auch einfach auf dem Tisch als Blickfang stehen bleiben.<\/p>\n<p>Das Motiv inspiriert von der Herr der Ringe-Trilogie u<span data-huuid=\"11006281824087832455\">nd zeigt ein rotes, stilisiertes Dornenrankwerk sowie Augen, die in alle Himmelsrichtungen Ausschau halten.<\/span><\/p>\n<p>Erh\u00e4ltlich mit diversen Motiven!<\/p>\n<p><strong>Ma\u00dfe:<\/strong> 20 cm \u00d8 x 4,0 cm h<\/p>\n<ul class=\"wp-block-list\">\n<li>schwarzes Kunstleder mit Samt ausgeschlagen<\/li>\n<li>einfach mit Druckkn\u00f6pfen aufstellbar<\/li>\n<li>leicht zu transportieren<\/li>\n<li>foliertes Motiv im Innenteil<\/li>\n<li>zur Verwendung im Innenbereich<\/li>\n<\/ul>\n<p>&nbsp;<\/p>\n<p>&nbsp;<\/p>\n<p>&nbsp;<\/p>\n","protected":false},"excerpt":{"rendered":"<p>Dark Side-W\u00fcrfelarena.<\/p>\n<p>Nie wieder W\u00fcrfel unter dem Tisch suchen, kein lautes W\u00fcrfelgeklapper!<\/p>\n<p>Mit dieser W\u00fcrfelarena aus schwarzem Kunstleder ist man der Star bei jeder Spielerunde!<\/p>\n","protected":false},"featured_media":236,"comment_status":"closed","ping_status":"closed","template":"","meta":[],"product_brand":[],"product_cat":[45],"product_tag":[98,107,109,110,40,61,76,72,74,106,112,108,111,71,93,41,37,67,34,89,96,99,97],"class_list":{"0":"post-298","1":"product","2":"type-product","3":"status-publish","4":"has-post-thumbnail","6":"product_cat-spielhilfen","7":"product_tag-arena","8":"product_tag-auge","9":"product_tag-dunkle-seite","10":"product_tag-erzfeind","11":"product_tag-fantasy","12":"product_tag-fantasy-rollenspiel","13":"product_tag-gamer","14":"product_tag-geek","15":"product_tag-gothic","16":"product_tag-herr-der-ringe","17":"product_tag-hexenmeister","18":"product_tag-knotwork","19":"product_tag-nazgul","20":"product_tag-nerd","21":"product_tag-nordic","22":"product_tag-pen-and-paper","23":"product_tag-rollenspiel","24":"product_tag-rpg","25":"product_tag-runen","26":"product_tag-sauron","27":"product_tag-wuerfel","28":"product_tag-wuerfelarena","29":"product_tag-wuerfelspiele","31":"entry","32":"has-media","34":"first","35":"instock","36":"taxable","37":"shipping-taxable","38":"purchasable","39":"product-type-simple","40":"has-product-nav","41":"col","42":"span_1_of_3","43":"owp-content-center","44":"owp-thumbs-layout-horizontal","45":"owp-btn-very-big","46":"owp-tabs-layout-horizontal"},"_links":{"self":[{"href":"https:\/\/everlast-art.de\/index.php?rest_route=\/wp\/v2\/product\/298","targetHints":{"allow":["GET"]}}],"collection":[{"href":"https:\/\/everlast-art.de\/index.php?rest_route=\/wp\/v2\/product"}],"about":[{"href":"https:\/\/everlast-art.de\/index.php?rest_route=\/wp\/v2\/types\/product"}],"replies":[{"embeddable":true,"href":"https:\/\/everlast-art.de\/index.php?rest_route=%2Fwp%2Fv2%2Fcomments&post=298"}],"wp:featuredmedia":[{"embeddable":true,"href":"https:\/\/everlast-art.de\/index.php?rest_route=\/wp\/v2\/media\/236"}],"wp:attachment":[{"href":"https:\/\/everlast-art.de\/index.php?rest_route=%2Fwp%2Fv2%2Fmedia&parent=298"}],"wp:term":[{"taxonomy":"product_brand","embeddable":true,"href":"https:\/\/everlast-art.de\/index.php?rest_route=%2Fwp%2Fv2%2Fproduct_brand&post=298"},{"taxonomy":"product_cat","embeddable":true,"href":"https:\/\/everlast-art.de\/index.php?rest_route=%2Fwp%2Fv2%2Fproduct_cat&post=298"},{"taxonomy":"product_tag","embeddable":true,"href":"https:\/\/everlast-art.de\/index.php?rest_route=%2Fwp%2Fv2%2Fproduct_tag&post=298"}],"curies":[{"name":"wp","href":"https:\/\/api.w.org\/{rel}","templated":true}]}}