{"id":296,"date":"2025-09-16T09:42:18","date_gmt":"2025-09-16T09:42:18","guid":{"rendered":"https:\/\/everlast-art.de\/?post_type=product&#038;p=296"},"modified":"2025-11-18T09:15:02","modified_gmt":"2025-11-18T09:15:02","slug":"nordic-adventskranz","status":"publish","type":"product","link":"https:\/\/everlast-art.de\/?product=nordic-adventskranz","title":{"rendered":"&#8222;Nordic&#8220;-Adventskranz"},"content":{"rendered":"<p>Advent, Advent &#8230; Diese nordisch inspirierte Version eines Adventskranzes ist eine echte Alternative f\u00fcr jeden Wikinger oder solche, die es gerne w\u00e4ren. Die \u00dcbersetzung der Runen auf den Leinenb\u00e4ndern lautet: In der dunkelsten Stunde wird Deines Herzens Flamme Deine Seele w\u00e4rmen und Deinen Weg Dir weisen.<\/p>\n<p>Sieht auch au\u00dferhalb der Weihnachtszeit gut auf dem Tisch aus!<\/p>\n<p><strong>Ma\u00dfe:<\/strong> ca. 40 cm x 40 cm x 40 cm<\/p>\n<ul>\n<li>gefertigt aus antikem aufgearbeitetem Holz (Fichte\/Tanne), ge\u00f6lt<\/li>\n<li>zweiteilig zur platzsparenden Aufbewahrung<\/li>\n<li>Kerzenspie\u00dfe aus geschmiedeten N\u00e4geln<\/li>\n<li>Leinenb\u00e4nder zur Aufh\u00e4ngung handgen\u00e4ht und sublimiert<\/li>\n<li>zur Verwendung im Innenbereich<\/li>\n<\/ul>\n","protected":false},"excerpt":{"rendered":"<p>stilisher Adventskranz aus aufgearbeitetem Altholz im Wikinger-Design<\/p>\n<p>handgefertigt und -verziert<\/p>\n<p>Jedes St\u00fcck ein Unikat!<\/p>\n<p>Kerzen nicht inkludiert! (Aber auf Wunsch gegen Aufpreis als Set erh\u00e4ltlich.)<\/p>\n","protected":false},"featured_media":297,"comment_status":"closed","ping_status":"closed","template":"","meta":[],"product_brand":[],"product_cat":[43],"product_tag":[102,101,40,61,72,103,70,69,68,71,41,37,67,100,38,104,105,39],"class_list":{"0":"post-296","1":"product","2":"type-product","3":"status-publish","4":"has-post-thumbnail","6":"product_cat-kerzenhalter","7":"product_tag-advent","8":"product_tag-adventskranz","9":"product_tag-fantasy","10":"product_tag-fantasy-rollenspiel","11":"product_tag-geek","12":"product_tag-heidnisch","13":"product_tag-kerze","14":"product_tag-kerzenhalter","15":"product_tag-kerzenstaender","16":"product_tag-nerd","17":"product_tag-pen-and-paper","18":"product_tag-rollenspiel","19":"product_tag-rpg","20":"product_tag-viking","21":"product_tag-vikings","22":"product_tag-weihnacht","23":"product_tag-weihnachten","24":"product_tag-wikinger","26":"entry","27":"has-media","29":"first","30":"instock","31":"taxable","32":"shipping-taxable","33":"purchasable","34":"product-type-simple","35":"has-product-nav","36":"col","37":"span_1_of_3","38":"owp-content-center","39":"owp-thumbs-layout-horizontal","40":"owp-btn-very-big","41":"owp-tabs-layout-horizontal"},"_links":{"self":[{"href":"https:\/\/everlast-art.de\/index.php?rest_route=\/wp\/v2\/product\/296","targetHints":{"allow":["GET"]}}],"collection":[{"href":"https:\/\/everlast-art.de\/index.php?rest_route=\/wp\/v2\/product"}],"about":[{"href":"https:\/\/everlast-art.de\/index.php?rest_route=\/wp\/v2\/types\/product"}],"replies":[{"embeddable":true,"href":"https:\/\/everlast-art.de\/index.php?rest_route=%2Fwp%2Fv2%2Fcomments&post=296"}],"wp:featuredmedia":[{"embeddable":true,"href":"https:\/\/everlast-art.de\/index.php?rest_route=\/wp\/v2\/media\/297"}],"wp:attachment":[{"href":"https:\/\/everlast-art.de\/index.php?rest_route=%2Fwp%2Fv2%2Fmedia&parent=296"}],"wp:term":[{"taxonomy":"product_brand","embeddable":true,"href":"https:\/\/everlast-art.de\/index.php?rest_route=%2Fwp%2Fv2%2Fproduct_brand&post=296"},{"taxonomy":"product_cat","embeddable":true,"href":"https:\/\/everlast-art.de\/index.php?rest_route=%2Fwp%2Fv2%2Fproduct_cat&post=296"},{"taxonomy":"product_tag","embeddable":true,"href":"https:\/\/everlast-art.de\/index.php?rest_route=%2Fwp%2Fv2%2Fproduct_tag&post=296"}],"curies":[{"name":"wp","href":"https:\/\/api.w.org\/{rel}","templated":true}]}}