{"id":282,"date":"2025-11-04T11:15:59","date_gmt":"2025-11-04T11:15:59","guid":{"rendered":"https:\/\/everlast-art.de\/?post_type=product&#038;p=282"},"modified":"2025-11-04T11:15:59","modified_gmt":"2025-11-04T11:15:59","slug":"cthulhu-stele","status":"publish","type":"product","link":"https:\/\/everlast-art.de\/?product=cthulhu-stele","title":{"rendered":"\u201eCthulhu\u201c-Stele"},"content":{"rendered":"<p>Kaum eine Kreatur aus einem phantastischen literarischen Werk hat sich derart in die Popkultur eingeschrieben wie der Gro\u00dfe Alte &#8222;Cthulhu&#8220; aus der Feder H. P. Lovecrafts. Schlafend wartet die Kreatur in den Tiefen des Pazifik auf seinen gro\u00dfen Auftritt. Seine J\u00fcnger sind \u00fcberall. Ph\u2019nglui mglw\u2019nafh Cthulhu R\u2019lyeh wgah\u2019nagl fhtagn. Du willst es doch auch.<\/p>\n<p><strong>Ma\u00dfe:<\/strong> ca. 4,5 cm l x 4,5 cm b x 20 cm h<\/p>\n<ul class=\"wp-block-list\">\n<li>gegossen aus keramischer Gie\u00dfmasse<\/li>\n<li>handbemalt und lackiert (Abweichungen m\u00f6glich)<\/li>\n<li>Sockel aus antikem aufgearbeitetem Holz (Fichte\/Tanne)<\/li>\n<li>jedes St\u00fcck ein Unikat<\/li>\n<li>zur Verwendung im Innenbereich<\/li>\n<\/ul>\n","protected":false},"excerpt":{"rendered":"<p>Handbemalte Statue des Gro\u00dfen Alten &#8222;Cthulhu&#8220; aus keramischer Gie\u00dfmasse mit Sockel aus aufgearbeitetem Massivholz.<\/p>\n<p>Jedes St\u00fcck ein Unikat!<\/p>\n","protected":false},"featured_media":201,"comment_status":"closed","ping_status":"closed","template":"","meta":[],"product_brand":[],"product_cat":[42],"product_tag":[53,51,52,48,55,40,59,50,54,47,58,60,36,49,41,56,37,57],"class_list":{"0":"post-282","1":"product","2":"type-product","3":"status-publish","4":"has-post-thumbnail","6":"product_cat-stelen-idole","7":"product_tag-aeltere-goetter","8":"product_tag-aeussere-goetter","9":"product_tag-azatoth","10":"product_tag-cosmic-horror","11":"product_tag-cthulhu","12":"product_tag-fantasy","13":"product_tag-goetzenbild","14":"product_tag-grosse-alte","15":"product_tag-h-p-lovecraft","16":"product_tag-horror","17":"product_tag-idol","18":"product_tag-kult","19":"product_tag-larp","20":"product_tag-lovecraft","21":"product_tag-pen-and-paper","22":"product_tag-plastik","23":"product_tag-rollenspiel","24":"product_tag-statue","26":"entry","27":"has-media","29":"first","30":"instock","31":"sold-individually","32":"taxable","33":"shipping-taxable","34":"purchasable","35":"product-type-simple","36":"has-product-nav","37":"col","38":"span_1_of_3","39":"owp-content-center","40":"owp-thumbs-layout-horizontal","41":"owp-btn-very-big","42":"owp-tabs-layout-horizontal"},"_links":{"self":[{"href":"https:\/\/everlast-art.de\/index.php?rest_route=\/wp\/v2\/product\/282","targetHints":{"allow":["GET"]}}],"collection":[{"href":"https:\/\/everlast-art.de\/index.php?rest_route=\/wp\/v2\/product"}],"about":[{"href":"https:\/\/everlast-art.de\/index.php?rest_route=\/wp\/v2\/types\/product"}],"replies":[{"embeddable":true,"href":"https:\/\/everlast-art.de\/index.php?rest_route=%2Fwp%2Fv2%2Fcomments&post=282"}],"wp:featuredmedia":[{"embeddable":true,"href":"https:\/\/everlast-art.de\/index.php?rest_route=\/wp\/v2\/media\/201"}],"wp:attachment":[{"href":"https:\/\/everlast-art.de\/index.php?rest_route=%2Fwp%2Fv2%2Fmedia&parent=282"}],"wp:term":[{"taxonomy":"product_brand","embeddable":true,"href":"https:\/\/everlast-art.de\/index.php?rest_route=%2Fwp%2Fv2%2Fproduct_brand&post=282"},{"taxonomy":"product_cat","embeddable":true,"href":"https:\/\/everlast-art.de\/index.php?rest_route=%2Fwp%2Fv2%2Fproduct_cat&post=282"},{"taxonomy":"product_tag","embeddable":true,"href":"https:\/\/everlast-art.de\/index.php?rest_route=%2Fwp%2Fv2%2Fproduct_tag&post=282"}],"curies":[{"name":"wp","href":"https:\/\/api.w.org\/{rel}","templated":true}]}}