{"id":42,"date":"2025-03-14T12:03:47","date_gmt":"2025-03-14T12:03:47","guid":{"rendered":"https:\/\/everlast-art.de\/?page_id=42"},"modified":"2025-10-14T07:54:04","modified_gmt":"2025-10-14T07:54:04","slug":"about","status":"publish","type":"page","link":"https:\/\/everlast-art.de\/?page_id=42","title":{"rendered":"\u00dcber uns"},"content":{"rendered":"\n<div class=\"wp-block-media-text is-stacked-on-mobile\"><figure class=\"wp-block-media-text__media\"><img loading=\"lazy\" decoding=\"async\" width=\"567\" height=\"567\" src=\"https:\/\/everlast-art.de\/wp-content\/uploads\/2025\/03\/Everlast_Signet_72dpi.png\" alt=\"\" class=\"wp-image-7 size-full\"\/><\/figure><div class=\"wp-block-media-text__content\">\n<p><strong>EVERLAST <\/strong>&#8211; phantastisch wohnen, phantastisch leben bietet einzigartige Kunstwerke f\u00fcr den exzellenten Geschmack: Gamer, Geeks, Nerds und alle Freunde phantastischen Lifestyles kommen hier garantiert auf ihre Kosten.<\/p>\n\n\n\n<p>Ob coole Spielutensilien, Wohnaccessoires oder kunstvolle Kleinm\u00f6bel &#8211; wir statten Deine vier W\u00e4nde mit handgefertigtem Interior aus &#8211; und jedes unserer St\u00fccke ist ein Unikat oder wurde als Kleinstserie gefertigt!<\/p>\n\n\n\n<p><strong>Qualit\u00e4t made in Germany!<\/strong><\/p>\n<\/div><\/div>\n\n\n\n<div style=\"height:20px\" aria-hidden=\"true\" class=\"wp-block-spacer\"><\/div>\n\n\n\n<h2 class=\"wp-block-heading\">Erbst\u00fcck-Kollektion<\/h2>\n\n\n\n<p>Darf&#8220;s noch ein bisschen mehr sein? Die Artefakte der Erbst\u00fcck-Kollektion von <strong>EVERLAST <\/strong>sind allesamt Unikate und bestehen zum Gro\u00dfteil aus aufgearbeitetem nat\u00fcrlichen Altmaterialien, einzigartigen Fundst\u00fccken und antiken Werkstoffen. Jedes Teil wurde mit dem Gedanken des Wabisabi auf der Suche nach Perfektion im Imperfekten sorgf\u00e4ltig von Hand gefertigt.<\/p>\n\n\n\n<p>Jedes St\u00fcck erz\u00e4hlt seine eigene Geschichte und soll Besitzenden und Betrachtenden gleicherma\u00dfen Freude bereiten. <strong>EVERLAST<\/strong>-Erbst\u00fccke sind nur als Einzelst\u00fccke oder in streng limitierten Kleinstauflagen erh\u00e4ltlich.<\/p>\n\n\n\n<div style=\"height:29px\" aria-hidden=\"true\" class=\"wp-block-spacer\"><\/div>\n\n\n\n<figure class=\"wp-block-image size-full\"><img loading=\"lazy\" decoding=\"async\" width=\"900\" height=\"596\" src=\"https:\/\/everlast-art.de\/wp-content\/uploads\/2025\/10\/Meister_Grautes_Werkstatt.jpg\" alt=\"\" class=\"wp-image-322\"\/><figcaption class=\"wp-element-caption\">Copyright Severin Quell 2025<\/figcaption><\/figure>\n\n\n\n<p><\/p>\n","protected":false},"excerpt":{"rendered":"<p>EVERLAST &#8211; phantastisch wohnen, phantastisch leben bietet einzigartige Kunstwerke f\u00fcr den exzellenten Geschmack: Gamer, Geeks, Nerds und alle Freunde phantastischen Lifestyles kommen hier garantiert auf ihre Kosten. Ob coole Spielutensilien, Wohnaccessoires oder kunstvolle Kleinm\u00f6bel &#8211; wir statten Deine vier W\u00e4nde mit handgefertigtem Interior aus &#8211; und jedes unserer St\u00fccke ist ein Unikat oder wurde als [&hellip;]<\/p>\n","protected":false},"author":1,"featured_media":0,"parent":0,"menu_order":0,"comment_status":"closed","ping_status":"closed","template":"","meta":{"footnotes":""},"class_list":["post-42","page","type-page","status-publish","hentry","entry","owp-thumbs-layout-horizontal","owp-btn-very-big","owp-tabs-layout-horizontal","has-no-thumbnails","has-product-nav"],"_links":{"self":[{"href":"https:\/\/everlast-art.de\/index.php?rest_route=\/wp\/v2\/pages\/42","targetHints":{"allow":["GET"]}}],"collection":[{"href":"https:\/\/everlast-art.de\/index.php?rest_route=\/wp\/v2\/pages"}],"about":[{"href":"https:\/\/everlast-art.de\/index.php?rest_route=\/wp\/v2\/types\/page"}],"author":[{"embeddable":true,"href":"https:\/\/everlast-art.de\/index.php?rest_route=\/wp\/v2\/users\/1"}],"replies":[{"embeddable":true,"href":"https:\/\/everlast-art.de\/index.php?rest_route=%2Fwp%2Fv2%2Fcomments&post=42"}],"version-history":[{"count":11,"href":"https:\/\/everlast-art.de\/index.php?rest_route=\/wp\/v2\/pages\/42\/revisions"}],"predecessor-version":[{"id":324,"href":"https:\/\/everlast-art.de\/index.php?rest_route=\/wp\/v2\/pages\/42\/revisions\/324"}],"wp:attachment":[{"href":"https:\/\/everlast-art.de\/index.php?rest_route=%2Fwp%2Fv2%2Fmedia&parent=42"}],"curies":[{"name":"wp","href":"https:\/\/api.w.org\/{rel}","templated":true}]}}