{"id":3,"date":"2025-03-13T00:12:06","date_gmt":"2025-03-13T00:12:06","guid":{"rendered":"http:\/\/everlast-art.de\/?page_id=3"},"modified":"2025-03-14T12:07:19","modified_gmt":"2025-03-14T12:07:19","slug":"privacy-policy","status":"publish","type":"page","link":"https:\/\/everlast-art.de\/?page_id=3","title":{"rendered":"Impressum &amp; Datenschutz"},"content":{"rendered":"\n<h2 class=\"wp-block-heading\">Impressum<\/h2>\n\n\n\n<p>Oliver Graute<br>Friedensstra\u00dfe 32<br>68199 Mannheim<br>info[at]grautesk.com<br>www.grautesk.com<\/p>\n\n\n\n<hr class=\"wp-block-separator has-alpha-channel-opacity\"\/>\n\n\n\n<h3 class=\"wp-block-heading\">Haftungsausschluss<\/h3>\n\n\n\n<p>Stand: 03\/25<\/p>\n\n\n\n<p>Haftung f\u00fcr Inhalte: Die Inhalte unserer Seiten wurden mit gr\u00f6\u00dfter Sorgfalt erstellt. F\u00fcr die Richtigkeit, Vollst\u00e4ndigkeit und Aktualit\u00e4t der Inhalte k\u00f6nnen wir jedoch keine Gew\u00e4hr \u00fcbernehmen.<\/p>\n\n\n\n<p>Als Diensteanbieter sind wir gem\u00e4\u00df \u00a7 6 Abs.1 MDStV und \u00a7 8 Abs.1 TDG f\u00fcr eigene Inhalte auf diesen Seiten nach den allgemeinen Gesetzen verantwortlich. Diensteanbieter sind jedoch nicht verpflichtet, die von ihnen \u00fcbermittelten oder gespeicherten fremden Informationen zu \u00fcberwachen oder nach Umst\u00e4nden zu forschen, die auf eine rechtswidrige T\u00e4tigkeit hinweisen. Verpflichtungen zur Entfernung oder Sperrung der Nutzung von Informationen nach den allgemeinen Gesetzen bleiben hiervon unber\u00fchrt. Eine diesbez\u00fcgliche Haftung ist jedoch erst ab dem Zeitpunkt der Kenntnis einer konkreten Rechtsverletzung m\u00f6glich. Bei bekannt werden von entsprechenden Rechtsverletzungen werden wir diese Inhalte umgehend entfernen.<\/p>\n\n\n\n<p>Haftung f\u00fcr Links: Unser Angebot enth\u00e4lt Links zu externen Webseiten Dritter, auf deren Inhalte wir keinen Einfluss haben. Deshalb k\u00f6nnen wir f\u00fcr diese fremden Inhalte auch keine Gew\u00e4hr \u00fcbernehmen. F\u00fcr die Inhalte der verlinkten Seiten ist stets der jeweilige Anbieter oder Betreiber der Seiten verantwortlich. Die verlinkten Seiten wurden zum Zeitpunkt der Verlinkung auf m\u00f6gliche Rechtsverst\u00f6\u00dfe \u00fcberpr\u00fcft. Rechtswidrige Inhalte waren zum Zeitpunkt der Verlinkung nicht erkennbar. Eine permanente inhaltliche Kontrolle der verlinkten Seiten ist jedoch ohne konkrete Anhaltspunkte einer Rechtsverletzung nicht zumutbar. Bei bekannt werden von Rechtsverletzungen werden wir derartige Links umgehend entfernen.<\/p>\n\n\n\n<p>Urheberrecht: Der Betreiber der Seiten ist bem\u00fcht, stets die Urheberrechte anderer zu beachten bzw. auf selbst erstellte sowie lizenzfreie Werke zur\u00fcckzugreifen.<\/p>\n\n\n\n<p>Die durch die Seitenbetreiber erstellten Inhalte und Werke auf diesen Seiten unterliegen dem deutschen Urheberrecht. Beitr\u00e4ge Dritter sind als solche gekennzeichnet. Die Vervielf\u00e4ltigung, Bearbeitung, Verbreitung und jede Art der Verwertung au\u00dferhalb der Grenzen des Urheberrechtes bed\u00fcrfen der schriftlichen Zustimmung des jeweiligen Autors bzw. Erstellers. Downloads und Kopien dieser Seite sind nur f\u00fcr den privaten, nicht kommerziellen Gebrauch gestattet.<\/p>\n\n\n\n<h1 class=\"wp-block-heading\">Datenschutzerkl\u00e4rung<\/h1>\n\n\n\n<p>Dieser Webauftritt zeigt ausschlie\u00dflich mein Werk und Schaffen sowie Projekte, an denen ich beteiligt bin oder die mich bewegen. Ich sammle keinerlei personenbezogenen Daten oder verarbeite sie in irgendeiner Weise noch verkaufe ich sie an Dritte.<\/p>\n\n\n\n<h3 class=\"wp-block-heading\">Was sind personenbezogene Daten?<\/h3>\n\n\n\n<p>Personenbezogene Daten sind alle Informationen, die sich auf eine identifizierte oder identifizierbare nat\u00fcrliche Person beziehen. Entscheidend ist also, ob durch die erhobenen Daten ein Personenbezug hergestellt werden kann. Dar\u00adun\u00adter fal\u00adlen In\u00adfor\u00adma\u00adtio\u00adnen wie z.B. Ihr Name, Ihre An\u00adschrift, Ihre Te\u00adle\u00adfon\u00adnum\u00admer, Mailadresse. In\u00adfor\u00adma\u00adtio\u00adnen, die nicht di\u00adrekt mit Ihrer wirk\u00adli\u00adchen Iden\u00adti\u00adt\u00e4t in Ver\u00adbin\u00addung ge\u00adbracht wer\u00adden \u2013 wie z.B. fa\u00advo\u00adri\u00adsier\u00adte Web\u00adsei\u00adten oder An\u00adzahl der Nut\u00adzer einer Seite \u2013 sind keine per\u00adso\u00adnen\u00adbe\u00adzo\u00adge\u00adnen Daten.<\/p>\n\n\n\n<h3 class=\"wp-block-heading\">Wie erheben und verarbeiten wir Daten zu Ihrer Person?<\/h3>\n\n\n\n<p>Wenn Sie meineWeb\u00adsei\u00adten be\u00adsu\u00adchen, spei\u00adchern un\u00adse\u00adre Web\u00adser\u00adver stan\u00addard\u00adm\u00e4\u00ad\u00dfig zum Zweck der Sys\u00adtem\u00adsi\u00adcher\u00adheit tem\u00adpo\u00adr\u00e4r die Ver\u00adbin\u00addungs\u00adda\u00adten des an\u00adfra\u00adgen\u00adden Rech\u00adners, die Web\u00adsei\u00adten, die Sie bei uns be\u00adsu\u00adchen, das Datum und die Dauer des Be\u00adsu\u00adches, die Er\u00adken\u00adnungs\u00adda\u00adten des ver\u00adwen\u00adde\u00adten Brow\u00adser- und Be\u00adtriebs\u00adsys\u00adtem-Typs sowie die Web\u00adsei\u00adte, von der aus Sie uns be\u00adsu\u00adchen. Dar\u00ad\u00fcber hin\u00adaus\u00adge\u00adhen\u00adde per\u00adsonen\u00adbe\u00adzo\u00adge\u00adne An\u00adga\u00adben wie Ihr Name, Ihre An\u00adschrift, Te\u00adle\u00adfon\u00adnum\u00admer oder E-Mail-Adres\u00adse wer\u00adden nicht er\u00adfasst, es sei denn, diese An\u00adga\u00adben wer\u00adden von Ihnen frei\u00adwil\u00adlig ge\u00admacht, z. B. im Rah\u00admen einer Re\u00adgis\u00adtrie\u00adrung, einer Um\u00adfra\u00adge, eines Preis\u00adaus\u00adschrei\u00adbens, zur Durch\u00adf\u00fch\u00adrung eines Ver\u00adtra\u00adges oder einer In\u00adfor\u00adma\u00adti\u00adons\u00adan\u00adfra\u00adge.<\/p>\n\n\n\n<p>Eine Wei\u00adter\u00adga\u00adbe, Ver\u00adkauf oder sons\u00adti\u00adge \u00dcber\u00admitt\u00adlung Ihrer per\u00adso\u00adnen\u00adbe\u00adzo\u00adge\u00adnen Daten an Drit\u00adte er\u00adfolgt nicht.<\/p>\n\n\n\n<p>Eine erteilte Einwilligung kann mit Wirkung f\u00fcr die Zukunft jederzeit widerrufen werden.<\/p>\n\n\n\n<h3 class=\"wp-block-heading\">Ein\u00adsatz von Coo\u00adkies<\/h3>\n\n\n\n<p>Im Rahmen Ihres Besuchs auf unseren Seiten verwenden wir sogenannte Cookies. Das sind kleine Textdateien, die auf Ihrem Computer abgelegt werden. Coo\u00adkies hel\u00adfen uns dabei, die Nut\u00adzungs\u00adh\u00e4u\u00adfig\u00adkeit und die An\u00adzahl der Nut\u00adzer un\u00adse\u00adrer In\u00adter\u00adnet\u00adsei\u00adten zu er\u00admit\u00adteln, sowie un\u00adse\u00adre An\u00adge\u00adbo\u00adte f\u00fcr Sie m\u00f6g\u00adlichst kom\u00adfor\u00adta\u00adbel und ef\u00adfi\u00adzi\u00adent zu ge\u00adstal\u00adten.<\/p>\n\n\n\n<p>Wir ver\u00adwen\u00adden ei\u00adner\u00adseits so\u00adge\u00adnann\u00adte \u201eSes\u00adsi\u00adon-Coo\u00adkies\u201c, die aus\u00adschlie\u00ad\u00df\u00adlich f\u00fcr die Dauer Ihrer Nut\u00adzung einer un\u00adse\u00adrer In\u00adter\u00adnet\u00adsei\u00adten zwi\u00adschen\u00adge\u00adspei\u00adchert wer\u00adden. Zum an\u00adde\u00adren be\u00adnut\u00adzen wir \u201eper\u00adma\u00adnen\u00adte Coo\u00adkies\u201c, um In\u00adfor\u00adma\u00adtio\u00adnen \u00fcber Be\u00adsu\u00adcher fest\u00adzu\u00adhal\u00adten, die wie\u00adder\u00adholt auf eine un\u00adse\u00adrer In\u00adter\u00adsei\u00adten zu\u00adgrei\u00adfen. Der Zweck des Ein\u00adsat\u00adzes die\u00adser Coo\u00adkies be\u00adsteht darin, Ihnen eine op\u00adti\u00adma\u00adle Be\u00adnut\u00adzer\u00adf\u00fch\u00adrung an\u00adbie\u00adten zu k\u00f6n\u00adnen sowie Sie \u201ewie\u00adder\u00adzu\u00ader\u00adken\u00adnen\u201c und Ihnen bei wie\u00adder\u00adhol\u00adter Nut\u00adzung eine m\u00f6g\u00adlichst ab\u00adwechs\u00adlungs\u00adrei\u00adche In\u00adter\u00adnet\u00adsei\u00adte und neue In\u00adhal\u00adte pr\u00e4\u00adsen\u00adtie\u00adren zu k\u00f6n\u00adnen. Der In\u00adhalt eines per\u00adma\u00adnen\u00adten Coo\u00adkies be\u00adschr\u00e4nkt sich auf eine Iden\u00adti\u00adfi\u00adka\u00adti\u00adons\u00adnum\u00admer. Name, IP-Adres\u00adse etc. wer\u00adden nicht ge\u00adspei\u00adchert. Eine Ein\u00adzel\u00adpro\u00adfil\u00adbil\u00addung \u00fcber Ihr Nut\u00adzungs\u00adver\u00adhal\u00adten fin\u00addet nicht statt.<\/p>\n\n\n\n<p>Eine Nut\u00adzung meiner An\u00adge\u00adbo\u00adte ist auch ohne Coo\u00adkies m\u00f6g\u00adlich. Sie k\u00f6n\u00adnen in Ihrem Brow\u00adser das Spei\u00adchern von Coo\u00adkies de\u00adak\u00adti\u00advie\u00adren, auf be\u00adstimm\u00adte Web\u00adsites be\u00adschr\u00e4n\u00adken oder Ihren Brow\u00adser so ein\u00adstel\u00adlen, dass er sie be\u00adnach\u00adrich\u00adtigt, so\u00adbald ein Coo\u00adkie ge\u00adsen\u00addet wird. Bitte be\u00adach\u00adten Sie aber, dass Sie bei einer Deaktivierung mit einer ein\u00adge\u00adschr\u00e4nk\u00adten Dar\u00adstel\u00adlung der Seite und mit einer ein\u00adge\u00adschr\u00e4nk\u00adten Be\u00adnut\u00adzer\u00adf\u00fch\u00adrung rech\u00adnen m\u00fcs\u00adsen.<\/p>\n\n\n\n<p>Cookies, die zur Durchf\u00fchrung des elektronischen Kommunikationsvorgangs oder zur Bereitstellung bestimmter, von Ihnen erw\u00fcnschter Funktionen erforderlich sind, werden auf Grundlage von Art. 6 Abs. 1 lit. f DSGVO gespeichert.<\/p>\n\n\n\n<h3 class=\"wp-block-heading\">Das sind Ihre&nbsp;Datenschutzrechte<\/h3>\n\n\n\n<p>Sie haben im Rahmen der geltenden gesetzlichen Bestimmungen jederzeit das Recht auf unentgeltliche Auskunft \u00fcber Ihre gespeicherten personenbezogenen Daten, deren Herkunft und m\u00f6gliche Empf\u00e4nger und den Zweck der Datenverarbeitung (Art. 15 DSGVO) und ggf. ein Recht auf Berichtigung unrichtiger Daten Art. 16 DSGVO), L\u00f6schung dieser Daten (Art. 17 DSGVO) das Recht auf Einschr\u00e4nkung der Verarbeitung nach Art. 18 DSGVO, auf Widerspruch&nbsp; (Art. 21 DSGVO) sowie das Recht auf Daten\u00fcbertragbarkeit von Ihnen bereitgestellter Daten nach Art. 20 DSGVO). Beim Auskunftsrecht und beim L\u00f6schungsrecht gelten die Einschr\u00e4nkungen nach \u00a7\u00a7 34 und 35 BDSG.<\/p>\n\n\n\n<p>Dar\u00fcber hinaus steht Ihnen im Falle datenschutzrechtlicher Verst\u00f6\u00dfe ein Beschwerderecht bei der zust\u00e4ndigen Aufsichtsbeh\u00f6rde zu (Art. 77 DSGVO i.V.m. \u00a719 BDSG). Zust\u00e4ndige Aufsichtsbeh\u00f6rde in datenschutzrechtlichen Fragen ist der Landesdatenschutzbeauftragte des Landes Baden-W\u00fcrttemberg:<\/p>\n\n\n\n<p>Internet: <a href=\"https:\/\/www.baden-wuerttemberg.datenschutz.de\">www.baden-wuerttemberg.datenschutz.de<\/a><\/p>\n\n\n\n<p>E-Mail: poststelle@lfdi.bwl.de<\/p>\n\n\n\n<h3 class=\"wp-block-heading\">Wie Sie gegebene Einwilligungen zur Datenverarbeitung widerrufen k\u00f6nnen<\/h3>\n\n\n\n<p>Viele Datenverarbeitungsvorg\u00e4nge sind nur mit Ihrer ausdr\u00fccklichen Einwilligung m\u00f6glich. Sie k\u00f6nnen eine bereits erteilte Einwilligung jederzeit widerrufen. Dazu reicht eine formlose Mitteilung per E-Mail an uns. Die Rechtm\u00e4\u00dfigkeit der bis zum Widerruf erfolgten Datenverarbeitung bleibt vom Widerruf unber\u00fchrt<\/p>\n\n\n\n<h3 class=\"wp-block-heading\">\u00c4nderungen der Datenschutzerkl\u00e4rung<\/h3>\n\n\n\n<p>Es k\u00f6nnen \u00c4nderungen an diesen Datenschutzhinweisen vorgenommen werden, die auf dieser Seite rechtzeitig bekanntgegeben werden.<\/p>\n\n\n\n<h3 class=\"wp-block-heading\">Google-Web-Fonts<\/h3>\n\n\n\n<p>Diese Seite nutzt zur einheitlichen Darstellung von Schriftarten so genannte Web-Fonts, die von Google bereitgestellt werden. Beim Aufruf einer Seite l\u00e4dt Ihr Browser die ben\u00f6tigten Web-Fonts in ihren Browsercache, um Texte und Schriftarten korrekt anzuzeigen.<\/p>\n\n\n\n<p>Zu diesem Zweck muss der von Ihnen verwendete Browser die Fonts lokal von<br>meinem Server hochladen. Um unsachgem\u00e4\u00dfen Umgang mit Ihren Daten zu vermeiden,<br>wird keine Verbindung zu den Servern von Google aufgenommen. Hierdurch w\u00fcrde &nbsp;Google Kenntnis dar\u00fcber erlangen, dass \u00fcber<br>Ihre IP-Adresse meine Website aufgerufen wurde. Die Nutzung von<br>Google-Web-Fonts erfolgt im Interesse einer einheitlichen und ansprechenden<br>Darstellung meines Online-Angebots. Dies stellt ein berechtigtes Interesse im<br>Sinne von Art. 6 Abs. 1 lit. f DSGVO dar.<\/p>\n\n\n\n<p>Wenn Ihr Browser Web-Fonts nicht unterst\u00fctzt, wird eine Standardschrift von Ihrem Computer genutzt.<\/p>\n\n\n\n<p>Weitere Informationen zu Google-Web-Fonts finden Sie unter <a href=\"https:\/\/developers.google.com\/fonts\/faq\" target=\"_blank\" rel=\"noreferrer noopener\">developers.google.com\/fonts\/faq<\/a> und in der Datenschutzerkl\u00e4rung von Google: <a href=\"https:\/\/www.google.com\/policies\/privacy\/\" target=\"_blank\" rel=\"noreferrer noopener\">https:\/\/www.google.com\/policies\/privacy\/<\/a>.<\/p>\n\n\n\n<h3 class=\"wp-block-heading\">Meta\/Facebook\/Instagram<\/h3>\n\n\n\n<p>Meine Website enth\u00e4lt Verweise (Links) auf die externen sozialen Netzwerke von Meta, Facebook und Instagram. Dieser Internetauftritt wird ausschlie\u00dflich von der Facebook Inc., 1601 S. California Ave, Palo Alto, CA 94304, USA (Facebook) betrieben. Die Verweise sind im Rahmen unseres Internetauftritts durch das Facebook- sowie das Instagram-Logo oder den Zusatz \u201eGef\u00e4llt mir\u201d kenntlich gemacht (es werden keine Facebook- oder Instagram-Plugins genutzt).<\/p>\n\n\n\n<p>Bei einem Besuch meiner Website werden Funktionen und Daten\u00fcbermittlungen an Facebook nicht automatisch aktiv. Erst durch einen Klick auf die Links werden die Facebook-Plugins aktiviert, Ihr Browser stellt eine direkte Verbindung mit Facebook-Servern her. Sofern Sie den Links folgen und gleichzeitig bei Facebook mit Ihrem dortigen Benutzerkonto angemeldet sein, wird die Information, dass Sie unsere Website besucht haben, an Facebook weitergeleitet. Den Besuch der Website kann Facebook Ihrem Konto zuordnen. Diese Informationen werden an Facebook \u00fcbermittelt und dort gespeichert. Um dies zu verhindern, m\u00fcssen Sie sich vor dem Klick auf den Verweis aus Ihrem Facebook-Account abmelden.<\/p>\n\n\n\n<p>Zweck und Umfang der Datenerhebung durch Facebook sowie die dortige weitere Verarbeitung und Nutzung Ihrer Daten wie auch Ihre diesbez\u00fcglichen Rechte und Einstellungsm\u00f6glichkeiten zum Schutz Ihrer Privatssph\u00e4re entnehmen Sie bitte den Datenschutzhinweisen von Facebook (<a href=\"https:\/\/www.klinikum.uni-heidelberg.de\/(http:\/\/de-de.facebook.com\/privacy\/explanation.php).\">http:\/\/de-de.facebook.com\/privacy\/explanation.php<\/a>).<\/p>\n","protected":false},"excerpt":{"rendered":"<p>Impressum Oliver GrauteFriedensstra\u00dfe 3268199 Mannheiminfo[at]grautesk.comwww.grautesk.com Haftungsausschluss Stand: 03\/25 Haftung f\u00fcr Inhalte: Die Inhalte unserer Seiten wurden mit gr\u00f6\u00dfter Sorgfalt erstellt. F\u00fcr die Richtigkeit, Vollst\u00e4ndigkeit und Aktualit\u00e4t der Inhalte k\u00f6nnen wir jedoch keine Gew\u00e4hr \u00fcbernehmen. Als Diensteanbieter sind wir gem\u00e4\u00df \u00a7 6 Abs.1 MDStV und \u00a7 8 Abs.1 TDG f\u00fcr eigene Inhalte auf diesen Seiten nach [&hellip;]<\/p>\n","protected":false},"author":1,"featured_media":0,"parent":0,"menu_order":0,"comment_status":"closed","ping_status":"open","template":"","meta":{"footnotes":""},"class_list":["post-3","page","type-page","status-publish","hentry","entry","owp-thumbs-layout-horizontal","owp-btn-very-big","owp-tabs-layout-horizontal","has-no-thumbnails","has-product-nav"],"_links":{"self":[{"href":"https:\/\/everlast-art.de\/index.php?rest_route=\/wp\/v2\/pages\/3","targetHints":{"allow":["GET"]}}],"collection":[{"href":"https:\/\/everlast-art.de\/index.php?rest_route=\/wp\/v2\/pages"}],"about":[{"href":"https:\/\/everlast-art.de\/index.php?rest_route=\/wp\/v2\/types\/page"}],"author":[{"embeddable":true,"href":"https:\/\/everlast-art.de\/index.php?rest_route=\/wp\/v2\/users\/1"}],"replies":[{"embeddable":true,"href":"https:\/\/everlast-art.de\/index.php?rest_route=%2Fwp%2Fv2%2Fcomments&post=3"}],"version-history":[{"count":1,"href":"https:\/\/everlast-art.de\/index.php?rest_route=\/wp\/v2\/pages\/3\/revisions"}],"predecessor-version":[{"id":45,"href":"https:\/\/everlast-art.de\/index.php?rest_route=\/wp\/v2\/pages\/3\/revisions\/45"}],"wp:attachment":[{"href":"https:\/\/everlast-art.de\/index.php?rest_route=%2Fwp%2Fv2%2Fmedia&parent=3"}],"curies":[{"name":"wp","href":"https:\/\/api.w.org\/{rel}","templated":true}]}}