{"id":245,"date":"2025-09-09T11:01:12","date_gmt":"2025-09-09T11:01:12","guid":{"rendered":"https:\/\/everlast-art.de\/?page_id=245"},"modified":"2025-12-04T08:58:17","modified_gmt":"2025-12-04T08:58:17","slug":"kleinmoebel-sonstiges","status":"publish","type":"page","link":"https:\/\/everlast-art.de\/?page_id=245","title":{"rendered":"Kleinm\u00f6bel &amp; Sonstiges"},"content":{"rendered":"\n<div class=\"wp-block-media-text has-media-on-the-right is-stacked-on-mobile\"><div class=\"wp-block-media-text__content\">\n<div style=\"height:50px\" aria-hidden=\"true\" class=\"wp-block-spacer\"><\/div>\n\n\n\n<h2 class=\"wp-block-heading\">&#8222;One Ring&#8220;-Kapselheber<\/h2>\n\n\n\n<p>Ein Ring sie alle zu \u00f6ffnen! Dieser praktische Kapselheber, aka Flaschen\u00f6ffner, aus Holz hat neben seiner speziellen F\u00e4higkeit des \u00d6ffnens allerlei Flaschen magischen und weltlichen Inhalts das besondere Talent, an magnetischen Fl\u00e4chen, wie K\u00fchlschr\u00e4nken, zu haften. Diesen Schatz wollen wirklich alle in ihren Besitz bringen!<\/p>\n<\/div><figure class=\"wp-block-media-text__media\"><img loading=\"lazy\" decoding=\"async\" width=\"900\" height=\"900\" src=\"https:\/\/everlast-art.de\/wp-content\/uploads\/2025\/09\/OneRing_Kapselheber_sm01.jpg\" alt=\"\" class=\"wp-image-246 size-full\"\/><\/figure><\/div>\n\n\n\n<div style=\"height:80px\" aria-hidden=\"true\" class=\"wp-block-spacer\"><\/div>\n\n\n\n<p><strong>Ma\u00dfe:<\/strong> 6,3 cm \u00d8 x 1,5 cm hoch<\/p>\n\n\n\n<ul class=\"wp-block-list\">\n<li>folierte Applikation<\/li>\n\n\n\n<li>Massivholz gebeizt (Abweichungen m\u00f6glich)<\/li>\n\n\n\n<li>magnetisch<\/li>\n\n\n\n<li>zur Verwendung im Innenbereich<\/li>\n<\/ul>\n\n\n\n<figure class=\"wp-block-gallery has-nested-images columns-4 is-cropped wp-block-gallery-1 is-layout-flex wp-block-gallery-is-layout-flex\">\n<figure class=\"wp-block-image size-full\"><img loading=\"lazy\" decoding=\"async\" width=\"900\" height=\"900\" data-id=\"249\" src=\"https:\/\/everlast-art.de\/wp-content\/uploads\/2025\/09\/OneRing_Kapselheber_sm04.jpg\" alt=\"\" class=\"wp-image-249\"\/><figcaption class=\"wp-element-caption\">Im Augenblick leider &#8230;<\/figcaption><\/figure>\n\n\n\n<figure class=\"wp-block-image size-full\"><img loading=\"lazy\" decoding=\"async\" width=\"900\" height=\"900\" data-id=\"248\" src=\"https:\/\/everlast-art.de\/wp-content\/uploads\/2025\/09\/OneRing_Kapselheber_sm03.jpg\" alt=\"\" class=\"wp-image-248\"\/><figcaption class=\"wp-element-caption\">&#8230; vergriffen.<\/figcaption><\/figure>\n\n\n\n<figure class=\"wp-block-image size-full\"><img loading=\"lazy\" decoding=\"async\" width=\"900\" height=\"900\" data-id=\"247\" src=\"https:\/\/everlast-art.de\/wp-content\/uploads\/2025\/09\/OneRing_Kapselheber_sm02.jpg\" alt=\"\" class=\"wp-image-247\"\/><figcaption class=\"wp-element-caption\">Das perfekte Mitbringsel!<\/figcaption><\/figure>\n<\/figure>\n\n\n\n<hr class=\"wp-block-separator has-alpha-channel-opacity is-style-wide\"\/>\n\n\n\n<div class=\"wp-block-media-text is-stacked-on-mobile\"><figure class=\"wp-block-media-text__media\"><img loading=\"lazy\" decoding=\"async\" width=\"900\" height=\"900\" src=\"https:\/\/everlast-art.de\/wp-content\/uploads\/2025\/11\/Stoffbeutel04.jpg\" alt=\"\" class=\"wp-image-357 size-full\"\/><\/figure><div class=\"wp-block-media-text__content\">\n<div style=\"height:50px\" aria-hidden=\"true\" class=\"wp-block-spacer\"><\/div>\n\n\n\n<h2 class=\"wp-block-heading\">&#8222;Safe Trip&#8220;-Stoffbeutel<\/h2>\n\n\n\n<p>Der gute alte Jutebeutel. Fr\u00fcher ein Symbol des oft missverstandenen Umweltsch\u00fctzers, heute ein Statement des verantwortungsvollen und selbstbewussten B\u00fcrgers!<\/p>\n\n\n\n<p>Damit sie besonders lange halten, haben wir eine besonders schwere Qualit\u00e4t gew\u00e4hlt und damit sie besonders gerne genutzt werden, haben wir coole und witzige Motive ausgesucht.<\/p>\n<\/div><\/div>\n\n\n\n<div style=\"height:80px\" aria-hidden=\"true\" class=\"wp-block-spacer\"><\/div>\n\n\n\n<p><strong>Ma\u00dfe:<\/strong> 39 cm hoch x 37 cm breit<\/p>\n\n\n\n<ul class=\"wp-block-list\">\n<li>folierte Applikation<\/li>\n\n\n\n<li>100% Baumwolle<\/li>\n\n\n\n<li>magnetischer Taschenverschluss<\/li>\n\n\n\n<li>mittellange Tragegriffe<\/li>\n<\/ul>\n\n\n\n<figure class=\"wp-block-gallery has-nested-images columns-4 is-cropped wp-block-gallery-2 is-layout-flex wp-block-gallery-is-layout-flex\">\n<figure class=\"wp-block-image size-full\"><img loading=\"lazy\" decoding=\"async\" width=\"900\" height=\"900\" data-id=\"360\" src=\"https:\/\/everlast-art.de\/wp-content\/uploads\/2025\/11\/Stoffbeutel03.jpg\" alt=\"\" class=\"wp-image-360\"\/><figcaption class=\"wp-element-caption\">Glow. Bite. Repeat.<\/figcaption><\/figure>\n\n\n\n<figure class=\"wp-block-image size-full\"><img loading=\"lazy\" decoding=\"async\" width=\"900\" height=\"900\" data-id=\"358\" src=\"https:\/\/everlast-art.de\/wp-content\/uploads\/2025\/11\/Stoffbeutel01.jpg\" alt=\"\" class=\"wp-image-358\"\/><figcaption class=\"wp-element-caption\">Jedes St\u00fcck ein Unikat!<\/figcaption><\/figure>\n\n\n\n<figure class=\"wp-block-image size-full\"><img loading=\"lazy\" decoding=\"async\" width=\"900\" height=\"900\" data-id=\"361\" src=\"https:\/\/everlast-art.de\/wp-content\/uploads\/2025\/11\/Stoffbeutel05.jpg\" alt=\"\" class=\"wp-image-361\"\/><figcaption class=\"wp-element-caption\">Holy Crab<\/figcaption><\/figure>\n<\/figure>\n\n\n\n<div style=\"height:80px\" aria-hidden=\"true\" class=\"wp-block-spacer\"><\/div>\n","protected":false},"excerpt":{"rendered":"<p>Ma\u00dfe: 6,3 cm \u00d8 x 1,5 cm hoch Ma\u00dfe: 39 cm hoch x 37 cm breit<\/p>\n","protected":false},"author":1,"featured_media":0,"parent":0,"menu_order":0,"comment_status":"closed","ping_status":"closed","template":"","meta":{"footnotes":""},"class_list":["post-245","page","type-page","status-publish","hentry","entry","owp-thumbs-layout-horizontal","owp-btn-very-big","owp-tabs-layout-horizontal","has-no-thumbnails","has-product-nav"],"_links":{"self":[{"href":"https:\/\/everlast-art.de\/index.php?rest_route=\/wp\/v2\/pages\/245","targetHints":{"allow":["GET"]}}],"collection":[{"href":"https:\/\/everlast-art.de\/index.php?rest_route=\/wp\/v2\/pages"}],"about":[{"href":"https:\/\/everlast-art.de\/index.php?rest_route=\/wp\/v2\/types\/page"}],"author":[{"embeddable":true,"href":"https:\/\/everlast-art.de\/index.php?rest_route=\/wp\/v2\/users\/1"}],"replies":[{"embeddable":true,"href":"https:\/\/everlast-art.de\/index.php?rest_route=%2Fwp%2Fv2%2Fcomments&post=245"}],"version-history":[{"count":6,"href":"https:\/\/everlast-art.de\/index.php?rest_route=\/wp\/v2\/pages\/245\/revisions"}],"predecessor-version":[{"id":413,"href":"https:\/\/everlast-art.de\/index.php?rest_route=\/wp\/v2\/pages\/245\/revisions\/413"}],"wp:attachment":[{"href":"https:\/\/everlast-art.de\/index.php?rest_route=%2Fwp%2Fv2%2Fmedia&parent=245"}],"curies":[{"name":"wp","href":"https:\/\/api.w.org\/{rel}","templated":true}]}}