{"id":234,"date":"2025-09-09T10:18:46","date_gmt":"2025-09-09T10:18:46","guid":{"rendered":"https:\/\/everlast-art.de\/?page_id=234"},"modified":"2025-09-11T08:44:24","modified_gmt":"2025-09-11T08:44:24","slug":"spielhilfen","status":"publish","type":"page","link":"https:\/\/everlast-art.de\/?page_id=234","title":{"rendered":"Spielhilfen"},"content":{"rendered":"\n<div class=\"wp-block-media-text is-stacked-on-mobile\"><figure class=\"wp-block-media-text__media\"><img loading=\"lazy\" decoding=\"async\" width=\"900\" height=\"900\" src=\"https:\/\/everlast-art.de\/wp-content\/uploads\/2025\/09\/DiceArena_sm01.jpg\" alt=\"\" class=\"wp-image-235 size-full\"\/><\/figure><div class=\"wp-block-media-text__content\">\n<div style=\"height:50px\" aria-hidden=\"true\" class=\"wp-block-spacer\"><\/div>\n\n\n\n<h2 class=\"wp-block-heading\">W\u00fcrfelarena, diverse Motive<\/h2>\n\n\n\n<h2 class=\"wp-block-heading has-text-align-right\">26 \u20ac<\/h2>\n\n\n\n<p>Wer kennt es nicht &#8211; lautes Geklacker beim W\u00fcrfeln zum Spieleabend oder die Suche nach den vielseitigen Gl\u00fccksbringern unter dem Sofa nach einem verungl\u00fcckten Wurf. All das bleibt Dir mit der stylishen W\u00fcrfelarena erspart. Zus\u00e4tzlich ist die faltbare Schale gut zu transportieren und platzsparend zu verstauen. Mit den coolen Motiven von Grautesk kann die Arena aber auch einfach auf dem Tisch als Blickfang stehen bleiben.<\/p>\n\n\n\n<p>Erh\u00e4ltlich in drei Motiven. Vikingthulhu, Trihorse, DarkEye<\/p>\n<\/div><\/div>\n\n\n\n<div style=\"height:80px\" aria-hidden=\"true\" class=\"wp-block-spacer\"><\/div>\n\n\n\n<p><strong>Ma\u00dfe:<\/strong> 20 cm \u00d8 x 4,0 cm h<\/p>\n\n\n\n<ul class=\"wp-block-list\">\n<li>schwarzes Kunstleder mit Samt ausgeschlagen<\/li>\n\n\n\n<li>einfach mit Druckkn\u00f6pfen aufstellbar<\/li>\n\n\n\n<li>foliertes Motiv im Innenteil<\/li>\n\n\n\n<li>zur Verwendung im Innenbereich<\/li>\n<\/ul>\n\n\n\n<figure class=\"wp-block-gallery has-nested-images columns-4 is-cropped wp-block-gallery-1 is-layout-flex wp-block-gallery-is-layout-flex\">\n<figure class=\"wp-block-image size-full\"><img loading=\"lazy\" decoding=\"async\" width=\"900\" height=\"900\" data-id=\"236\" src=\"https:\/\/everlast-art.de\/wp-content\/uploads\/2025\/09\/DiceArena_sm02.jpg\" alt=\"\" class=\"wp-image-236\"\/><figcaption class=\"wp-element-caption\">Die dunkle Seite<\/figcaption><\/figure>\n\n\n\n<figure class=\"wp-block-image size-full\"><img loading=\"lazy\" decoding=\"async\" width=\"900\" height=\"900\" data-id=\"237\" src=\"https:\/\/everlast-art.de\/wp-content\/uploads\/2025\/09\/DiceArena_sm03.jpg\" alt=\"\" class=\"wp-image-237\"\/><figcaption class=\"wp-element-caption\">F\u00fcr Pferdefreund:innen<\/figcaption><\/figure>\n\n\n\n<figure class=\"wp-block-image size-full\"><img loading=\"lazy\" decoding=\"async\" width=\"900\" height=\"900\" data-id=\"238\" src=\"https:\/\/everlast-art.de\/wp-content\/uploads\/2025\/09\/DiceArena_sm04.jpg\" alt=\"\" class=\"wp-image-238\"\/><figcaption class=\"wp-element-caption\">Die W\u00fcrfel k\u00f6nnen fallen &#8230;<\/figcaption><\/figure>\n<\/figure>\n\n\n\n<hr class=\"wp-block-separator has-alpha-channel-opacity is-style-wide\"\/>\n\n\n\n<div style=\"height:80px\" aria-hidden=\"true\" class=\"wp-block-spacer\"><\/div>\n","protected":false},"excerpt":{"rendered":"<p>Ma\u00dfe: 20 cm \u00d8 x 4,0 cm h<\/p>\n","protected":false},"author":1,"featured_media":0,"parent":0,"menu_order":0,"comment_status":"closed","ping_status":"closed","template":"","meta":{"footnotes":""},"class_list":["post-234","page","type-page","status-publish","hentry","entry","owp-thumbs-layout-horizontal","owp-btn-very-big","owp-tabs-layout-horizontal","has-no-thumbnails","has-product-nav"],"_links":{"self":[{"href":"https:\/\/everlast-art.de\/index.php?rest_route=\/wp\/v2\/pages\/234","targetHints":{"allow":["GET"]}}],"collection":[{"href":"https:\/\/everlast-art.de\/index.php?rest_route=\/wp\/v2\/pages"}],"about":[{"href":"https:\/\/everlast-art.de\/index.php?rest_route=\/wp\/v2\/types\/page"}],"author":[{"embeddable":true,"href":"https:\/\/everlast-art.de\/index.php?rest_route=\/wp\/v2\/users\/1"}],"replies":[{"embeddable":true,"href":"https:\/\/everlast-art.de\/index.php?rest_route=%2Fwp%2Fv2%2Fcomments&post=234"}],"version-history":[{"count":2,"href":"https:\/\/everlast-art.de\/index.php?rest_route=\/wp\/v2\/pages\/234\/revisions"}],"predecessor-version":[{"id":256,"href":"https:\/\/everlast-art.de\/index.php?rest_route=\/wp\/v2\/pages\/234\/revisions\/256"}],"wp:attachment":[{"href":"https:\/\/everlast-art.de\/index.php?rest_route=%2Fwp%2Fv2%2Fmedia&parent=234"}],"curies":[{"name":"wp","href":"https:\/\/api.w.org\/{rel}","templated":true}]}}