{"id":200,"date":"2025-09-08T11:59:28","date_gmt":"2025-09-08T11:59:28","guid":{"rendered":"https:\/\/everlast-art.de\/?page_id=200"},"modified":"2025-09-11T08:44:46","modified_gmt":"2025-09-11T08:44:46","slug":"stelen-idole","status":"publish","type":"page","link":"https:\/\/everlast-art.de\/?page_id=200","title":{"rendered":"Stelen &amp; Idole"},"content":{"rendered":"\n<div class=\"wp-block-media-text has-media-on-the-right is-stacked-on-mobile\"><div class=\"wp-block-media-text__content\">\n<div style=\"height:50px\" aria-hidden=\"true\" class=\"wp-block-spacer\"><\/div>\n\n\n\n<h2 class=\"wp-block-heading\">Stele \u201eCthulhu\u201c<\/h2>\n\n\n\n<h2 class=\"wp-block-heading has-text-align-right\">30 \u20ac<\/h2>\n\n\n\n<p>Kaum eine Kreatur aus einem phantastischen literarischen Werk hat sich derart in die Popkultur eingeschrieben wie der Gro\u00dfe Alte Cthulhu. Schlafend wartet er in den Tiefen des Pazifik auf seinen gro\u00dfen Auftritt. Seine J\u00fcnger sind \u00fcberall. Ph\u2019nglui mglw\u2019nafh Cthulhu R\u2019lyeh wgah\u2019nagl fhtagn. Du willst es doch auch.<\/p>\n<\/div><figure class=\"wp-block-media-text__media\"><img loading=\"lazy\" decoding=\"async\" width=\"900\" height=\"900\" src=\"https:\/\/everlast-art.de\/wp-content\/uploads\/2025\/09\/Cthulhu_Idol01.jpg\" alt=\"\" class=\"wp-image-201 size-full\"\/><\/figure><\/div>\n\n\n\n<div style=\"height:80px\" aria-hidden=\"true\" class=\"wp-block-spacer\"><\/div>\n\n\n\n<p><strong>Ma\u00dfe:<\/strong> ca. 4,5 cm l x 4,5 cm b x 20 cm h<\/p>\n\n\n\n<ul class=\"wp-block-list\">\n<li>gegossen aus keramischer Gie\u00dfmasse<\/li>\n\n\n\n<li>handbemalt und lackiert (Abweichungen m\u00f6glich)<\/li>\n\n\n\n<li>Sockel aus antikem aufgearbeitetem Holz (Fichte\/Tanne)<\/li>\n\n\n\n<li>jedes St\u00fcck ein Unikat<\/li>\n\n\n\n<li>zur Verwendung im Innenbereich<\/li>\n<\/ul>\n\n\n\n<figure class=\"wp-block-gallery has-nested-images columns-4 is-cropped wp-block-gallery-1 is-layout-flex wp-block-gallery-is-layout-flex\">\n<figure class=\"wp-block-image size-full\"><img loading=\"lazy\" decoding=\"async\" width=\"900\" height=\"900\" data-id=\"203\" src=\"https:\/\/everlast-art.de\/wp-content\/uploads\/2025\/09\/Cthulhu_Idol03.jpg\" alt=\"\" class=\"wp-image-203\"\/><figcaption class=\"wp-element-caption\">Detailreich und vollplastisch<\/figcaption><\/figure>\n\n\n\n<figure class=\"wp-block-image size-full\"><img loading=\"lazy\" decoding=\"async\" width=\"900\" height=\"900\" data-id=\"204\" src=\"https:\/\/everlast-art.de\/wp-content\/uploads\/2025\/09\/Cthulhu_Idol04.jpg\" alt=\"\" class=\"wp-image-204\"\/><figcaption class=\"wp-element-caption\">Sockel aus Massivholz<\/figcaption><\/figure>\n\n\n\n<figure class=\"wp-block-image size-full\"><img loading=\"lazy\" decoding=\"async\" width=\"900\" height=\"900\" data-id=\"202\" src=\"https:\/\/everlast-art.de\/wp-content\/uploads\/2025\/09\/Cthulhu_Idol02.jpg\" alt=\"\" class=\"wp-image-202\"\/><figcaption class=\"wp-element-caption\">Handbemalt<\/figcaption><\/figure>\n<\/figure>\n\n\n\n<hr class=\"wp-block-separator has-alpha-channel-opacity is-style-wide\"\/>\n\n\n\n<div style=\"height:80px\" aria-hidden=\"true\" class=\"wp-block-spacer\"><\/div>\n","protected":false},"excerpt":{"rendered":"<p>Ma\u00dfe: ca. 4,5 cm l x 4,5 cm b x 20 cm h<\/p>\n","protected":false},"author":1,"featured_media":0,"parent":0,"menu_order":0,"comment_status":"closed","ping_status":"closed","template":"","meta":{"footnotes":""},"class_list":["post-200","page","type-page","status-publish","hentry","entry","owp-thumbs-layout-horizontal","owp-btn-very-big","owp-tabs-layout-horizontal","has-no-thumbnails","has-product-nav"],"_links":{"self":[{"href":"https:\/\/everlast-art.de\/index.php?rest_route=\/wp\/v2\/pages\/200","targetHints":{"allow":["GET"]}}],"collection":[{"href":"https:\/\/everlast-art.de\/index.php?rest_route=\/wp\/v2\/pages"}],"about":[{"href":"https:\/\/everlast-art.de\/index.php?rest_route=\/wp\/v2\/types\/page"}],"author":[{"embeddable":true,"href":"https:\/\/everlast-art.de\/index.php?rest_route=\/wp\/v2\/users\/1"}],"replies":[{"embeddable":true,"href":"https:\/\/everlast-art.de\/index.php?rest_route=%2Fwp%2Fv2%2Fcomments&post=200"}],"version-history":[{"count":3,"href":"https:\/\/everlast-art.de\/index.php?rest_route=\/wp\/v2\/pages\/200\/revisions"}],"predecessor-version":[{"id":257,"href":"https:\/\/everlast-art.de\/index.php?rest_route=\/wp\/v2\/pages\/200\/revisions\/257"}],"wp:attachment":[{"href":"https:\/\/everlast-art.de\/index.php?rest_route=%2Fwp%2Fv2%2Fmedia&parent=200"}],"curies":[{"name":"wp","href":"https:\/\/api.w.org\/{rel}","templated":true}]}}