{"id":188,"date":"2025-09-08T11:31:36","date_gmt":"2025-09-08T11:31:36","guid":{"rendered":"https:\/\/everlast-art.de\/?page_id=188"},"modified":"2025-09-11T08:45:09","modified_gmt":"2025-09-11T08:45:09","slug":"untersetzer-tabletts","status":"publish","type":"page","link":"https:\/\/everlast-art.de\/?page_id=188","title":{"rendered":"Untersetzer &amp; Tabletts"},"content":{"rendered":"\n<div class=\"wp-block-media-text has-media-on-the-right is-stacked-on-mobile\"><div class=\"wp-block-media-text__content\">\n<div style=\"height:50px\" aria-hidden=\"true\" class=\"wp-block-spacer\"><\/div>\n\n\n\n<h2 class=\"wp-block-heading\">Untersetzer aus Travertin<\/h2>\n\n\n\n<h2 class=\"wp-block-heading has-text-align-right\">15 \u20ac\/St\u00fcck<\/h2>\n\n\n\n<p>Untersetzer sch\u00fctzen nicht nur den wertvollen Ess- oder Wohnzimmertisch vor Schmutz und Feuchtigkeit, sie sind auch schm\u00fcckendes Beiwerk auf jeder Festtafel und erfreuen die G\u00e4ste jedes Mal, wenn sie ihre Gl\u00e4ser oder Tassen heben.<\/p>\n\n\n\n<p>Die steinernen Untersetzer aus urw\u00fcchsigem Travertin sind nicht nur aufregend anders, sie kommen auch noch mit einem phantastischen und individuellen Dekor daher. Egal, ob Zwerge, Elben, Menschen oder dunkle Seite der Macht &#8211; jedes St\u00fcck ist ein Unikat und bietet viel Stoff f\u00fcr Gespr\u00e4che mit Freunden oder regt die eigene Fantasie an. <\/p>\n<\/div><figure class=\"wp-block-media-text__media\"><img loading=\"lazy\" decoding=\"async\" width=\"921\" height=\"1080\" src=\"https:\/\/everlast-art.de\/wp-content\/uploads\/2025\/06\/EVERLAST_Tiles.jpg\" alt=\"\" class=\"wp-image-57 size-full\"\/><\/figure><\/div>\n\n\n\n<div style=\"height:80px\" aria-hidden=\"true\" class=\"wp-block-spacer\"><\/div>\n\n\n\n<p><strong>Ma\u00dfe:<\/strong> ca. 10 cm x 10 cm x 1 cm<\/p>\n\n\n\n<ul class=\"wp-block-list\">\n<li>bedruckte Travertin-Flie\u00dfen (Muschelkalk)<\/li>\n\n\n\n<li>schutzlackiert<\/li>\n\n\n\n<li>Bodenfilze zum Schutz der Stellfl\u00e4chen<\/li>\n\n\n\n<li>jedes St\u00fcck ein Unikat<\/li>\n\n\n\n<li>zur Verwendung im Innen- und Au\u00dfenbereich<\/li>\n<\/ul>\n\n\n\n<p><br><\/p>\n\n\n\n<figure class=\"wp-block-gallery has-nested-images columns-default is-cropped wp-block-gallery-1 is-layout-flex wp-block-gallery-is-layout-flex\">\n<figure class=\"wp-block-image size-large\"><img loading=\"lazy\" decoding=\"async\" width=\"900\" height=\"900\" data-id=\"192\" src=\"https:\/\/everlast-art.de\/wp-content\/uploads\/2025\/09\/TilesCol_Square.jpg\" alt=\"\" class=\"wp-image-192\"\/><figcaption class=\"wp-element-caption\">Diverse Motive<\/figcaption><\/figure>\n\n\n\n<figure class=\"wp-block-image size-large\"><img loading=\"lazy\" decoding=\"async\" width=\"500\" height=\"500\" data-id=\"193\" src=\"https:\/\/everlast-art.de\/wp-content\/uploads\/2025\/09\/TilesCol_Fence.jpg\" alt=\"\" class=\"wp-image-193\"\/><figcaption class=\"wp-element-caption\">Echter Stein<\/figcaption><\/figure>\n\n\n\n<figure class=\"wp-block-image size-large\"><img loading=\"lazy\" decoding=\"async\" width=\"900\" height=\"900\" data-id=\"194\" src=\"https:\/\/everlast-art.de\/wp-content\/uploads\/2025\/09\/Tiles_Tray_Eldar.jpg\" alt=\"\" class=\"wp-image-194\"\/><figcaption class=\"wp-element-caption\">Edel pr\u00e4sentiert im Set<\/figcaption><\/figure>\n<\/figure>\n\n\n\n<hr class=\"wp-block-separator has-alpha-channel-opacity is-style-wide\"\/>\n\n\n\n<div style=\"height:80px\" aria-hidden=\"true\" class=\"wp-block-spacer\"><\/div>\n","protected":false},"excerpt":{"rendered":"<p>Ma\u00dfe: ca. 10 cm x 10 cm x 1 cm<\/p>\n","protected":false},"author":1,"featured_media":0,"parent":0,"menu_order":0,"comment_status":"closed","ping_status":"closed","template":"","meta":{"footnotes":""},"class_list":["post-188","page","type-page","status-publish","hentry","entry","owp-thumbs-layout-horizontal","owp-btn-very-big","owp-tabs-layout-horizontal","has-no-thumbnails","has-product-nav"],"_links":{"self":[{"href":"https:\/\/everlast-art.de\/index.php?rest_route=\/wp\/v2\/pages\/188","targetHints":{"allow":["GET"]}}],"collection":[{"href":"https:\/\/everlast-art.de\/index.php?rest_route=\/wp\/v2\/pages"}],"about":[{"href":"https:\/\/everlast-art.de\/index.php?rest_route=\/wp\/v2\/types\/page"}],"author":[{"embeddable":true,"href":"https:\/\/everlast-art.de\/index.php?rest_route=\/wp\/v2\/users\/1"}],"replies":[{"embeddable":true,"href":"https:\/\/everlast-art.de\/index.php?rest_route=%2Fwp%2Fv2%2Fcomments&post=188"}],"version-history":[{"count":7,"href":"https:\/\/everlast-art.de\/index.php?rest_route=\/wp\/v2\/pages\/188\/revisions"}],"predecessor-version":[{"id":258,"href":"https:\/\/everlast-art.de\/index.php?rest_route=\/wp\/v2\/pages\/188\/revisions\/258"}],"wp:attachment":[{"href":"https:\/\/everlast-art.de\/index.php?rest_route=%2Fwp%2Fv2%2Fmedia&parent=188"}],"curies":[{"name":"wp","href":"https:\/\/api.w.org\/{rel}","templated":true}]}}